{"id":3880,"date":"2023-10-21T08:39:15","date_gmt":"2023-10-21T06:39:15","guid":{"rendered":"https:\/\/urbanopticon.com\/widerrufsbelehrung-2\/"},"modified":"2023-10-21T14:44:39","modified_gmt":"2023-10-21T12:44:39","slug":"widerrufsbelehrung-2","status":"publish","type":"page","link":"https:\/\/urbanopticon.com\/de\/widerrufsbelehrung-2\/","title":{"rendered":"Widerrufsbelehrung"},"content":{"rendered":"\t\t<div data-elementor-type=\"wp-page\" data-elementor-id=\"3880\" class=\"elementor elementor-3880 elementor-3844\" data-elementor-post-type=\"page\">\n\t\t\t\t\t\t<section class=\"elementor-section elementor-top-section elementor-element elementor-element-2ad13c8 elementor-section-boxed elementor-section-height-default elementor-section-height-default\" data-id=\"2ad13c8\" data-element_type=\"section\" data-e-type=\"section\">\n\t\t\t\t\t\t<div class=\"elementor-container elementor-column-gap-default\">\n\t\t\t\t\t<div class=\"elementor-column elementor-col-100 elementor-top-column elementor-element elementor-element-ee33185\" data-id=\"ee33185\" data-element_type=\"column\" data-e-type=\"column\">\n\t\t\t<div class=\"elementor-widget-wrap elementor-element-populated\">\n\t\t\t\t\t\t<div class=\"elementor-element elementor-element-a71dd32 elementor-widget elementor-widget-text-editor\" data-id=\"a71dd32\" data-element_type=\"widget\" data-e-type=\"widget\" data-widget_type=\"text-editor.default\">\n\t\t\t\t<div class=\"elementor-widget-container\">\n\t\t\t\t\t\t\t\t\t<br \/>\n<h1>Widerrufsbelehrung<\/h1>\n<p>    <strong>Wie lautet unsere R\u00fcckgaberecht?<\/strong><\/p>\n<p>Wir bieten keine R\u00fccksendungen und Umt\u00e4usche an, aber wenn es ein Problem mit deiner Bestellung gibt, lass es uns bitte wissen, indem du uns unter info@urbanopticon.com kontaktierst.<\/p>\n<p>Da die Produkte auf Bestellung gedruckt werden, wird die Kleidung speziell f\u00fcr dich gedruckt.<\/p>\n<p>    <strong>Bieten wir R\u00fcckerstattungen an?<\/strong><\/p>\n<p>R\u00fcckerstattungen werden nur an Kunden angeboten, die falsche oder besch\u00e4digte Artikel erhalten haben. Wenn eine dieser Situationen zutrifft, kontaktiere uns bitte unter info@urbanopticon.com und sende uns Fotos der falschen\/besch\u00e4digten Artikel, damit wir das f\u00fcr dich kl\u00e4ren k\u00f6nnen.<\/p>\n<p>    <strong>Kann ich einen Artikel gegen eine andere Gr\u00f6\u00dfe\/Farbe umtauschen?<\/strong><\/p>\n<p>Zurzeit bieten wir keine Umt\u00e4usche an. Wenn du unsicher bist, welche Gr\u00f6\u00dfe besser passen w\u00fcrde, schau dir unsere Gr\u00f6\u00dfentabellen an &#8211; wir haben f\u00fcr jeden Artikel in unserem Shop eine in der Produktbeschreibung. Obwohl es selten vorkommt, kann es passieren, dass ein Artikel falsch gekennzeichnet wurde. In diesem Fall lass es uns bitte innerhalb einer Woche nach Erhalt deiner Bestellung unter info@urbanopticon.com wissen. F\u00fcge deine Bestellnummer und Fotos des falsch gekennzeichneten Artikels hinzu, und wir senden dir einen neuen Artikel oder erstatten dir das Geld!<\/p>\n<h3>R\u00fcckgaberichtlinie<\/h3>\n<p>Beanstandungen von fehlerhaften oder besch\u00e4digten Artikeln m\u00fcssen innerhalb von 4 Wochen nach Erhalt des Produkts gemacht werden. F\u00fcr im Transit verlorene Pakete m\u00fcssen alle Beanstandungen sp\u00e4testens 4 Wochen nach dem voraussichtlichen Lieferdatum eingereicht werden. Beanstandungen, die als unser Fehler angesehen werden, gehen zu unseren Kosten.<\/p>\n<p>Wenn du oder deine Kunden einen Mangel an den Produkten oder andere Probleme mit der Bestellung feststellen, <a href=\"https:\/\/help.printful.com\/hc\/de\/articles\/360014007620-how-do-i-report-a-problem-with-my-order-\">reiche bitte einen Problembericht ein.<\/a><\/p>\n<p>Die englische Sprachversion dieser Vereinbarung und deren Interpretation haben Vorrang, unabh\u00e4ngig von \u00dcbersetzungen f\u00fcr andere Zwecke.<\/p>\n<p>Die R\u00fccksendeadresse ist standardm\u00e4\u00dfig bei Printful eingerichtet. Wenn wir eine zur\u00fcckgesendete Sendung erhalten, erh\u00e4ltst du eine automatische E-Mail-Benachrichtigung. Nicht abgeholte R\u00fccksendungen werden nach 4 Wochen f\u00fcr wohlt\u00e4tige Zwecke verwendet. Wenn Printfuls Einrichtung nicht als R\u00fccksendeadresse verwendet wird, bist du f\u00fcr alle zur\u00fcckgesendeten Sendungen verantwortlich.<\/p>\n<p><strong>Falsche Adresse &#8211;<\/strong> Wenn du oder dein Endkunde eine Adresse angibst, die vom Kurier als unzureichend betrachtet wird, wird die Sendung an unser Lager zur\u00fcckgeschickt. Du bist dann f\u00fcr die Kosten der erneuten Zustellung verantwortlich, sobald wir eine aktualisierte Adresse best\u00e4tigt haben (falls vorhanden).<\/p>\n<p><strong>Nicht abgeholt &#8211;<\/strong> Artikel, die nicht abgeholt werden, werden an unser Lager zur\u00fcckgeschickt, und du bist f\u00fcr die Kosten der erneuten Zustellung (falls vorhanden) an dich oder deine Endkunden verantwortlich.<\/p>\n<p>Wenn du kein Konto auf <a href=\"https:\/\/www.printful.com\/de\/\" target=\"_blank\" rel=\"noopener\">printful.com\/de\/<\/a> registriert hast und keine Zahlungsmethode hinzugef\u00fcgt hast, stimmst du hiermit zu, dass zur\u00fcckgesendete Bestellungen aufgrund einer falschen Versandadresse oder Nichtzustellung der Sendung nicht erneut versandt werden und auf deine Kosten f\u00fcr wohlt\u00e4tige Zwecke verwendet werden (ohne dass wir eine R\u00fcckerstattung ausstellen).<\/p>\n<p>Printful akzeptiert keine R\u00fccksendungen von versiegelten Waren, insbesondere Gesichtsmasken, die aus Gr\u00fcnden der Gesundheit oder Hygiene nicht zur R\u00fccksendung geeignet sind. Du stimmst hiermit zu, dass zur\u00fcckgegebene Bestellungen von Gesichtsmasken nicht erneut versandt und stattdessen entsorgt werden.<\/p>\n<p><strong>Vom Kunden zur\u00fcckgegeben &#8211;<\/strong> Es ist am besten, deine Endkunden zu bitten, dich zu kontaktieren, bevor sie Produkte zur\u00fccksenden. Mit Ausnahme von Kunden in Brasilien erstatten wir Bestellungen nicht einfach, weil der Kunde seine Meinung ge\u00e4ndert hat. Produktretouren, R\u00fccksendungen von Gesichtsmasken und Umtausch von Gr\u00f6\u00dfen k\u00f6nnen nur auf deine Kosten und nach deinem Ermessen angeboten werden. Wenn du dich dazu entscheidest, Retouren anzunehmen oder selbst einen Gr\u00f6\u00dfenumtausch anzubieten, musst du eine neue Bestellung f\u00fcr eine Gesichtsmaske oder ein Produkt in einer anderen Gr\u00f6\u00dfe auf eigene Kosten aufgeben. Kunden in Brasilien, die ihre Meinung ge\u00e4ndert haben, m\u00fcssen sich innerhalb von 7 aufeinanderfolgenden Tagen nach Erhalt an unseren Kundenservice wenden und ihre Bereitschaft zur R\u00fccksendung des Artikels erkl\u00e4ren und ein Bild des Artikels bereitstellen. Die R\u00fcckgabeanfrage wird einer Bewertung unterzogen, um zu \u00fcberpr\u00fcfen, ob der Artikel verwendet oder zerst\u00f6rt wurde, selbst wenn es sich um einen teilweisen Verlust handelt. In diesen F\u00e4llen ist eine R\u00fcckerstattung nicht m\u00f6glich.<\/p>\n<p><strong>Hinweis an EU-Verbraucher:<\/strong> Gem\u00e4\u00df Artikel 16(c) und (e) der Richtlinie 2011\/83\/EU des Europ\u00e4ischen Parlaments und des Rates vom 25. Oktober 2011 \u00fcber Verbraucherrechte steht dir kein Widerrufsrecht zu f\u00fcr:<\/p>\n<p>1. die Lieferung von Waren, die nach den Vorgaben des Verbrauchers hergestellt wurden oder eindeutig auf seine pers\u00f6nlichen Bed\u00fcrfnisse zugeschnitten sind;<br \/>\n    2. versiegelte Waren, deren Siegel nach der Lieferung gebrochen wurde und die aus Gr\u00fcnden des Gesundheitsschutzes oder der Hygiene nicht zur R\u00fccksendung geeignet sind.<\/p>\n<p>Daher beh\u00e4lt sich Printful das Recht vor, R\u00fccksendungen nach eigenem Ermessen abzulehnen.<\/p>\n\t\t\t\t\t\t\t\t<\/div>\n\t\t\t\t<\/div>\n\t\t\t\t\t<\/div>\n\t\t<\/div>\n\t\t\t\t\t<\/div>\n\t\t<\/section>\n\t\t\t\t<\/div>\n\t\t","protected":false},"excerpt":{"rendered":"<p>Widerrufsbelehrung Wie lautet unsere R\u00fcckgaberecht? Wir bieten keine R\u00fccksendungen und Umt\u00e4usche an, aber wenn es ein Problem mit deiner Bestellung gibt, lass es uns bitte wissen, indem du uns unter info@urbanopticon.com kontaktierst. Da die Produkte auf Bestellung gedruckt werden, wird die Kleidung speziell f\u00fcr dich gedruckt. Bieten wir R\u00fcckerstattungen an? R\u00fcckerstattungen werden nur an Kunden [&hellip;]<\/p>\n","protected":false},"author":3,"featured_media":0,"parent":0,"menu_order":0,"comment_status":"closed","ping_status":"closed","template":"","meta":{"inline_featured_image":false,"site-sidebar-layout":"no-sidebar","site-content-layout":"page-builder","ast-site-content-layout":"default","site-content-style":"default","site-sidebar-style":"default","ast-global-header-display":"","ast-banner-title-visibility":"","ast-main-header-display":"","ast-hfb-above-header-display":"","ast-hfb-below-header-display":"","ast-hfb-mobile-header-display":"","site-post-title":"disabled","ast-breadcrumbs-content":"","ast-featured-img":"disabled","footer-sml-layout":"","ast-disable-related-posts":"","theme-transparent-header-meta":"default","adv-header-id-meta":"","stick-header-meta":"","header-above-stick-meta":"","header-main-stick-meta":"","header-below-stick-meta":"","astra-migrate-meta-layouts":"default","ast-page-background-enabled":"default","ast-page-background-meta":{"desktop":{"background-color":"var(--ast-global-color-4)","background-image":"","background-repeat":"repeat","background-position":"center center","background-size":"auto","background-attachment":"scroll","background-type":"","background-media":"","overlay-type":"","overlay-color":"","overlay-opacity":"","overlay-gradient":""},"tablet":{"background-color":"","background-image":"","background-repeat":"repeat","background-position":"center center","background-size":"auto","background-attachment":"scroll","background-type":"","background-media":"","overlay-type":"","overlay-color":"","overlay-opacity":"","overlay-gradient":""},"mobile":{"background-color":"","background-image":"","background-repeat":"repeat","background-position":"center center","background-size":"auto","background-attachment":"scroll","background-type":"","background-media":"","overlay-type":"","overlay-color":"","overlay-opacity":"","overlay-gradient":""}},"ast-content-background-meta":{"desktop":{"background-color":"var(--ast-global-color-5)","background-image":"","background-repeat":"repeat","background-position":"center center","background-size":"auto","background-attachment":"scroll","background-type":"","background-media":"","overlay-type":"","overlay-color":"","overlay-opacity":"","overlay-gradient":""},"tablet":{"background-color":"var(--ast-global-color-5)","background-image":"","background-repeat":"repeat","background-position":"center center","background-size":"auto","background-attachment":"scroll","background-type":"","background-media":"","overlay-type":"","overlay-color":"","overlay-opacity":"","overlay-gradient":""},"mobile":{"background-color":"var(--ast-global-color-5)","background-image":"","background-repeat":"repeat","background-position":"center center","background-size":"auto","background-attachment":"scroll","background-type":"","background-media":"","overlay-type":"","overlay-color":"","overlay-opacity":"","overlay-gradient":""}},"footnotes":""},"class_list":["post-3880","page","type-page","status-publish","hentry"],"yoast_head":"<!-- This site is optimized with the Yoast SEO plugin v27.0 - https:\/\/yoast.com\/product\/yoast-seo-wordpress\/ -->\n<title>Widerrufsbelehrung - Urbanopticon - Urban Shirts for urban people<\/title>\n<meta name=\"robots\" content=\"noindex, follow\" \/>\n<meta property=\"og:locale\" content=\"de_DE\" \/>\n<meta property=\"og:type\" content=\"article\" \/>\n<meta property=\"og:title\" content=\"Widerrufsbelehrung - Urbanopticon - Urban Shirts for urban people\" \/>\n<meta property=\"og:description\" content=\"Widerrufsbelehrung Wie lautet unsere R\u00fcckgaberecht? Wir bieten keine R\u00fccksendungen und Umt\u00e4usche an, aber wenn es ein Problem mit deiner Bestellung gibt, lass es uns bitte wissen, indem du uns unter info@urbanopticon.com kontaktierst. Da die Produkte auf Bestellung gedruckt werden, wird die Kleidung speziell f\u00fcr dich gedruckt. Bieten wir R\u00fcckerstattungen an? R\u00fcckerstattungen werden nur an Kunden [&hellip;]\" \/>\n<meta property=\"og:url\" content=\"https:\/\/urbanopticon.com\/de\/widerrufsbelehrung-2\/\" \/>\n<meta property=\"og:site_name\" content=\"Urbanopticon - Urban Shirts for urban people\" \/>\n<meta property=\"article:modified_time\" content=\"2023-10-21T12:44:39+00:00\" \/>\n<meta name=\"twitter:card\" content=\"summary_large_image\" \/>\n<meta name=\"twitter:label1\" content=\"Gesch\u00e4tzte Lesezeit\" \/>\n\t<meta name=\"twitter:data1\" content=\"4\u00a0Minuten\" \/>\n<script type=\"application\/ld+json\" class=\"yoast-schema-graph\">{\"@context\":\"https:\/\/schema.org\",\"@graph\":[{\"@type\":\"WebPage\",\"@id\":\"https:\/\/urbanopticon.com\/de\/widerrufsbelehrung-2\/\",\"url\":\"https:\/\/urbanopticon.com\/de\/widerrufsbelehrung-2\/\",\"name\":\"Widerrufsbelehrung - Urbanopticon - Urban Shirts for urban people\",\"isPartOf\":{\"@id\":\"https:\/\/urbanopticon.com\/de\/#website\"},\"datePublished\":\"2023-10-21T06:39:15+00:00\",\"dateModified\":\"2023-10-21T12:44:39+00:00\",\"breadcrumb\":{\"@id\":\"https:\/\/urbanopticon.com\/de\/widerrufsbelehrung-2\/#breadcrumb\"},\"inLanguage\":\"de\",\"potentialAction\":[{\"@type\":\"ReadAction\",\"target\":[\"https:\/\/urbanopticon.com\/de\/widerrufsbelehrung-2\/\"]}]},{\"@type\":\"BreadcrumbList\",\"@id\":\"https:\/\/urbanopticon.com\/de\/widerrufsbelehrung-2\/#breadcrumb\",\"itemListElement\":[{\"@type\":\"ListItem\",\"position\":1,\"name\":\"Startseite\",\"item\":\"https:\/\/urbanopticon.com\/de\/\"},{\"@type\":\"ListItem\",\"position\":2,\"name\":\"Widerrufsbelehrung\"}]},{\"@type\":\"WebSite\",\"@id\":\"https:\/\/urbanopticon.com\/de\/#website\",\"url\":\"https:\/\/urbanopticon.com\/de\/\",\"name\":\"Urbanopticon - Urban Shirts for urban people\",\"description\":\"\",\"publisher\":{\"@id\":\"https:\/\/urbanopticon.com\/de\/#organization\"},\"potentialAction\":[{\"@type\":\"SearchAction\",\"target\":{\"@type\":\"EntryPoint\",\"urlTemplate\":\"https:\/\/urbanopticon.com\/de\/?s={search_term_string}\"},\"query-input\":{\"@type\":\"PropertyValueSpecification\",\"valueRequired\":true,\"valueName\":\"search_term_string\"}}],\"inLanguage\":\"de\"},{\"@type\":\"Organization\",\"@id\":\"https:\/\/urbanopticon.com\/de\/#organization\",\"name\":\"Urbanopticon - Urban Shirts for urban people\",\"url\":\"https:\/\/urbanopticon.com\/de\/\",\"logo\":{\"@type\":\"ImageObject\",\"inLanguage\":\"de\",\"@id\":\"https:\/\/urbanopticon.com\/de\/#\/schema\/logo\/image\/\",\"url\":\"https:\/\/urbanopticon.com\/wp-content\/uploads\/2022\/05\/logo-new.png\",\"contentUrl\":\"https:\/\/urbanopticon.com\/wp-content\/uploads\/2022\/05\/logo-new.png\",\"width\":587,\"height\":304,\"caption\":\"Urbanopticon - Urban Shirts for urban people\"},\"image\":{\"@id\":\"https:\/\/urbanopticon.com\/de\/#\/schema\/logo\/image\/\"}}]}<\/script>\n<!-- \/ Yoast SEO plugin. -->","yoast_head_json":{"title":"Widerrufsbelehrung - Urbanopticon - Urban Shirts for urban people","robots":{"index":"noindex","follow":"follow"},"og_locale":"de_DE","og_type":"article","og_title":"Widerrufsbelehrung - Urbanopticon - Urban Shirts for urban people","og_description":"Widerrufsbelehrung Wie lautet unsere R\u00fcckgaberecht? Wir bieten keine R\u00fccksendungen und Umt\u00e4usche an, aber wenn es ein Problem mit deiner Bestellung gibt, lass es uns bitte wissen, indem du uns unter info@urbanopticon.com kontaktierst. Da die Produkte auf Bestellung gedruckt werden, wird die Kleidung speziell f\u00fcr dich gedruckt. Bieten wir R\u00fcckerstattungen an? R\u00fcckerstattungen werden nur an Kunden [&hellip;]","og_url":"https:\/\/urbanopticon.com\/de\/widerrufsbelehrung-2\/","og_site_name":"Urbanopticon - Urban Shirts for urban people","article_modified_time":"2023-10-21T12:44:39+00:00","twitter_card":"summary_large_image","twitter_misc":{"Gesch\u00e4tzte Lesezeit":"4\u00a0Minuten"},"schema":{"@context":"https:\/\/schema.org","@graph":[{"@type":"WebPage","@id":"https:\/\/urbanopticon.com\/de\/widerrufsbelehrung-2\/","url":"https:\/\/urbanopticon.com\/de\/widerrufsbelehrung-2\/","name":"Widerrufsbelehrung - Urbanopticon - Urban Shirts for urban people","isPartOf":{"@id":"https:\/\/urbanopticon.com\/de\/#website"},"datePublished":"2023-10-21T06:39:15+00:00","dateModified":"2023-10-21T12:44:39+00:00","breadcrumb":{"@id":"https:\/\/urbanopticon.com\/de\/widerrufsbelehrung-2\/#breadcrumb"},"inLanguage":"de","potentialAction":[{"@type":"ReadAction","target":["https:\/\/urbanopticon.com\/de\/widerrufsbelehrung-2\/"]}]},{"@type":"BreadcrumbList","@id":"https:\/\/urbanopticon.com\/de\/widerrufsbelehrung-2\/#breadcrumb","itemListElement":[{"@type":"ListItem","position":1,"name":"Startseite","item":"https:\/\/urbanopticon.com\/de\/"},{"@type":"ListItem","position":2,"name":"Widerrufsbelehrung"}]},{"@type":"WebSite","@id":"https:\/\/urbanopticon.com\/de\/#website","url":"https:\/\/urbanopticon.com\/de\/","name":"Urbanopticon - Urban Shirts for urban people","description":"","publisher":{"@id":"https:\/\/urbanopticon.com\/de\/#organization"},"potentialAction":[{"@type":"SearchAction","target":{"@type":"EntryPoint","urlTemplate":"https:\/\/urbanopticon.com\/de\/?s={search_term_string}"},"query-input":{"@type":"PropertyValueSpecification","valueRequired":true,"valueName":"search_term_string"}}],"inLanguage":"de"},{"@type":"Organization","@id":"https:\/\/urbanopticon.com\/de\/#organization","name":"Urbanopticon - Urban Shirts for urban people","url":"https:\/\/urbanopticon.com\/de\/","logo":{"@type":"ImageObject","inLanguage":"de","@id":"https:\/\/urbanopticon.com\/de\/#\/schema\/logo\/image\/","url":"https:\/\/urbanopticon.com\/wp-content\/uploads\/2022\/05\/logo-new.png","contentUrl":"https:\/\/urbanopticon.com\/wp-content\/uploads\/2022\/05\/logo-new.png","width":587,"height":304,"caption":"Urbanopticon - Urban Shirts for urban people"},"image":{"@id":"https:\/\/urbanopticon.com\/de\/#\/schema\/logo\/image\/"}}]}},"_links":{"self":[{"href":"https:\/\/urbanopticon.com\/de\/wp-json\/wp\/v2\/pages\/3880","targetHints":{"allow":["GET"]}}],"collection":[{"href":"https:\/\/urbanopticon.com\/de\/wp-json\/wp\/v2\/pages"}],"about":[{"href":"https:\/\/urbanopticon.com\/de\/wp-json\/wp\/v2\/types\/page"}],"author":[{"embeddable":true,"href":"https:\/\/urbanopticon.com\/de\/wp-json\/wp\/v2\/users\/3"}],"replies":[{"embeddable":true,"href":"https:\/\/urbanopticon.com\/de\/wp-json\/wp\/v2\/comments?post=3880"}],"version-history":[{"count":0,"href":"https:\/\/urbanopticon.com\/de\/wp-json\/wp\/v2\/pages\/3880\/revisions"}],"wp:attachment":[{"href":"https:\/\/urbanopticon.com\/de\/wp-json\/wp\/v2\/media?parent=3880"}],"curies":[{"name":"wp","href":"https:\/\/api.w.org\/{rel}","templated":true}]}}