{"id":3882,"date":"2023-10-21T08:22:58","date_gmt":"2023-10-21T06:22:58","guid":{"rendered":"https:\/\/urbanopticon.com\/versandarten\/"},"modified":"2023-10-21T14:46:34","modified_gmt":"2023-10-21T12:46:34","slug":"versandarten","status":"publish","type":"page","link":"https:\/\/urbanopticon.com\/de\/versandarten\/","title":{"rendered":"Versandarten"},"content":{"rendered":"\t\t<div data-elementor-type=\"wp-page\" data-elementor-id=\"3882\" class=\"elementor elementor-3882 elementor-3839\" data-elementor-post-type=\"page\">\n\t\t\t\t\t\t<section class=\"elementor-section elementor-top-section elementor-element elementor-element-885361b elementor-section-boxed elementor-section-height-default elementor-section-height-default\" data-id=\"885361b\" data-element_type=\"section\" data-e-type=\"section\">\n\t\t\t\t\t\t<div class=\"elementor-container elementor-column-gap-default\">\n\t\t\t\t\t<div class=\"elementor-column elementor-col-100 elementor-top-column elementor-element elementor-element-878212d\" data-id=\"878212d\" data-element_type=\"column\" data-e-type=\"column\">\n\t\t\t<div class=\"elementor-widget-wrap elementor-element-populated\">\n\t\t\t\t\t\t<div class=\"elementor-element elementor-element-d6ba2a1 elementor-widget elementor-widget-text-editor\" data-id=\"d6ba2a1\" data-element_type=\"widget\" data-e-type=\"widget\" data-widget_type=\"text-editor.default\">\n\t\t\t\t<div class=\"elementor-widget-container\">\n\t\t\t\t\t\t\t\t\t<h2>Versandinformationen<\/h2>\n<h3>Wir versenden weltweit, mit Ausnahme der folgenden L\u00e4nder:<\/h3>\n<p>Kuba, Krim, Iran, Nordkorea und Syrien<\/p>\n<h3>Versandkosten<\/h3>\n<p>Die Preise variieren je nach Versandadresse und den jeweiligen Frachtraten des Versandunternehmens. Die Berechnung der Versandkosten erfolgt auf Grundlage eines Algorithmus unseres Erf\u00fcllungspartners <a href=\"https:\/\/www.printful.com\/shipping#live-rates\">Printful<\/a>. Je nach deinem Standort stehen mindestens eine der folgenden Versandoptionen zur Verf\u00fcgung:<\/p>\n<p>No rush (10-20 Werktage)<br \/>Economy (5-10 Werktage)<br \/>Standard (3-5 Werktage)<br \/>Express (1-3 Werktage)<\/p>\n<p>Auf der <a href=\"https:\/\/karajan.shop\/checkout\/#order_review\">Kassenseite<\/a> werden die verf\u00fcgbaren Versandoptionen und die entsprechenden Preise angezeigt, sobald du eine Adresse ausgew\u00e4hlt hast.<\/p>\n<p><strong>Zollgeb\u00fchren sind nicht im berechneten Verkaufspreis enthalten.<\/strong> Die H\u00f6he dieser Geb\u00fchren h\u00e4ngt von den bestellten Produkten und den Vorschriften deines Landes ab. Zollgeb\u00fchren m\u00fcssen an die zust\u00e4ndige Zollbeh\u00f6rde in deinem Land gezahlt werden.<\/p>\n<h3>Verpackung<\/h3>\n<p>Unsere Produkte werden in robusten Versandr\u00f6hren oder Paketen verschickt.<\/p>\n<h3>Lieferung<\/h3>\n<p><strong>Wann erhalte ich meine Bestellung?<\/strong><\/p>\n<p>Normalerweise dauert es 3-7 Tage, um eine Bestellung zu bearbeiten, bevor sie verschickt wird. Die Lieferzeit h\u00e4ngt von deinem Standort ab, kann aber wie folgt gesch\u00e4tzt werden:<\/p>\n<ul>\n<li>\n<p>USA: 3-4 Werktage<\/p>\n<\/li>\n<li>\n<p>Europa: 6-8 Werktage<\/p>\n<\/li>\n<li>\n<p>Australien: 2-14 Werktage<\/p>\n<\/li>\n<li>\n<p>Japan: 4-8 Werktage<\/p>\n<\/li>\n<li>\n<p>International: 10-20 Werktage<\/p>\n<\/li>\n<\/ul>\n<p><strong>[Covid-19]<\/strong> <strong>Wann erhalte ich meine Bestellung?<br \/><\/strong>Unsere Erf\u00fcllungszeiten [f\u00fcr alle Produkte\/T-Shirts\/Handyh\u00fcllen\/etc.] k\u00f6nnen l\u00e4nger als \u00fcblich sein und k\u00f6nnen weiter steigen, bis sich die Dinge normalisieren. Wir sehen Verz\u00f6gerungen in unserer Lieferkette, einschlie\u00dflich Lieferanten und Versandunternehmen, da die gesamte Branche mit Herausforderungen zu k\u00e4mpfen hat.<\/p>\n<p><strong>Von wo aus wird meine Bestellung versendet?<\/strong><\/p>\n<p>Wir arbeiten mit einem Unternehmen f\u00fcr die bedarfsgerechte Auftragsabwicklung zusammen, das weltweit Standorte hat!<\/p>\n<p><strong>Werden mir Zollgeb\u00fchren f\u00fcr meine Bestellung berechnet?<\/strong><\/p>\n<p>Zus\u00e4tzliche Zoll- und Steuergeb\u00fchren k\u00f6nnen bei internationalen Bestellungen anfallen. Diese Geb\u00fchr liegt nicht in unserer Kontrolle und wird von deinem \u00f6rtlichen Zollamt festgesetzt. Zollbestimmungen variieren von Land zu Land, daher solltest du dich direkt an dein \u00f6rtliches Zollamt wenden, um festzustellen, ob f\u00fcr deine Eink\u00e4ufe Z\u00f6lle und Steuern anfallen.<\/p>\n<p><strong>Meine Bestellung sollte bereits da sein, aber ich habe sie immer noch nicht erhalten. Was soll ich tun?<\/strong><\/p>\n<p>Bevor du dich mit uns in Verbindung setzt, hilf uns bitte, indem du Folgendes tust:<\/p>\n<ul>\n<li>\n<p>\u00dcberpr\u00fcfe deine Versandbest\u00e4tigungs-E-Mail auf Fehler in der Lieferadresse<\/p>\n<\/li>\n<li>\n<p>Frage bei deinem \u00f6rtlichen Postamt nach, ob sie dein Paket haben<\/p>\n<\/li>\n<li>\n<p>Frage bei deinen Nachbarn nach, falls der Kurier das Paket bei ihnen hinterlassen hat<\/p>\n<\/li>\n<\/ul>\n<p>Wenn die Lieferadresse korrekt war und das Paket weder beim Postamt noch bei deinen Nachbarn hinterlassen wurde, kontaktiere uns bitte unter info@urbanopticon.com mit deiner Bestellnummer.<\/p>\n<p>Wenn du einen Fehler in deiner Lieferadresse gefunden hast, k\u00f6nnen wir dir eine Ersatzbestellung senden, aber die Versandkosten gehen zu deinen Lasten.<\/p>\n<h3>Bestellungen<\/h3>\n<p><strong>Wie werden deine Produkte hergestellt?<\/strong><\/p>\n<p>Wir arbeiten mit einem Print-on-Demand-Drop-Shipper zusammen. Sie haben weltweit Standorte, daher werden deine Bestellungen aus dem Standort gedruckt und verschickt, der dies am effizientesten erledigen kann!<\/p>\n<p><strong>Wie verfolge ich meine Bestellung?<\/strong><\/p>\n<p>Du erh\u00e4ltst einen Tracking-Link per E-Mail, wenn deine Bestellung versandt wird. Wenn du Fragen zu deinem Tracking oder Versand hast, schreib uns eine E-Mail an info@urbanopticon.com.<\/p>\n<p><strong>Ich habe ein falsches\/besch\u00e4digtes Produkt erhalten, was soll ich tun?<\/strong><\/p>\n<p>Es tut uns so leid, wenn das von dir bestellte Produkt besch\u00e4digt angekommen ist. Um uns bei der schnellen L\u00f6sung dieses Problems zu helfen, sende uns bitte innerhalb einer Woche nach Erhalt des Produkts Fotos des besch\u00e4digten Produkts, deine Bestellnummer und alle anderen Details, die du zu deiner Bestellung hast, an info@urbanopticon.com. Wir werden uns so schnell wie m\u00f6glich mit einer L\u00f6sung bei dir melden!<\/p>\n\t\t\t\t\t\t\t\t<\/div>\n\t\t\t\t<\/div>\n\t\t\t\t\t<\/div>\n\t\t<\/div>\n\t\t\t\t\t<\/div>\n\t\t<\/section>\n\t\t\t\t<\/div>\n\t\t","protected":false},"excerpt":{"rendered":"<p>Versandinformationen Wir versenden weltweit, mit Ausnahme der folgenden L\u00e4nder: Kuba, Krim, Iran, Nordkorea und Syrien Versandkosten Die Preise variieren je nach Versandadresse und den jeweiligen Frachtraten des Versandunternehmens. Die Berechnung der Versandkosten erfolgt auf Grundlage eines Algorithmus unseres Erf\u00fcllungspartners Printful. Je nach deinem Standort stehen mindestens eine der folgenden Versandoptionen zur Verf\u00fcgung: No rush (10-20 [&hellip;]<\/p>\n","protected":false},"author":3,"featured_media":0,"parent":0,"menu_order":0,"comment_status":"closed","ping_status":"closed","template":"","meta":{"inline_featured_image":false,"site-sidebar-layout":"no-sidebar","site-content-layout":"page-builder","ast-site-content-layout":"default","site-content-style":"default","site-sidebar-style":"default","ast-global-header-display":"","ast-banner-title-visibility":"","ast-main-header-display":"","ast-hfb-above-header-display":"","ast-hfb-below-header-display":"","ast-hfb-mobile-header-display":"","site-post-title":"disabled","ast-breadcrumbs-content":"","ast-featured-img":"disabled","footer-sml-layout":"","ast-disable-related-posts":"","theme-transparent-header-meta":"default","adv-header-id-meta":"","stick-header-meta":"","header-above-stick-meta":"","header-main-stick-meta":"","header-below-stick-meta":"","astra-migrate-meta-layouts":"default","ast-page-background-enabled":"default","ast-page-background-meta":{"desktop":{"background-color":"var(--ast-global-color-4)","background-image":"","background-repeat":"repeat","background-position":"center center","background-size":"auto","background-attachment":"scroll","background-type":"","background-media":"","overlay-type":"","overlay-color":"","overlay-opacity":"","overlay-gradient":""},"tablet":{"background-color":"","background-image":"","background-repeat":"repeat","background-position":"center center","background-size":"auto","background-attachment":"scroll","background-type":"","background-media":"","overlay-type":"","overlay-color":"","overlay-opacity":"","overlay-gradient":""},"mobile":{"background-color":"","background-image":"","background-repeat":"repeat","background-position":"center center","background-size":"auto","background-attachment":"scroll","background-type":"","background-media":"","overlay-type":"","overlay-color":"","overlay-opacity":"","overlay-gradient":""}},"ast-content-background-meta":{"desktop":{"background-color":"var(--ast-global-color-5)","background-image":"","background-repeat":"repeat","background-position":"center center","background-size":"auto","background-attachment":"scroll","background-type":"","background-media":"","overlay-type":"","overlay-color":"","overlay-opacity":"","overlay-gradient":""},"tablet":{"background-color":"var(--ast-global-color-5)","background-image":"","background-repeat":"repeat","background-position":"center center","background-size":"auto","background-attachment":"scroll","background-type":"","background-media":"","overlay-type":"","overlay-color":"","overlay-opacity":"","overlay-gradient":""},"mobile":{"background-color":"var(--ast-global-color-5)","background-image":"","background-repeat":"repeat","background-position":"center center","background-size":"auto","background-attachment":"scroll","background-type":"","background-media":"","overlay-type":"","overlay-color":"","overlay-opacity":"","overlay-gradient":""}},"footnotes":""},"class_list":["post-3882","page","type-page","status-publish","hentry"],"yoast_head":"<!-- This site is optimized with the Yoast SEO plugin v27.0 - https:\/\/yoast.com\/product\/yoast-seo-wordpress\/ -->\n<title>Versandarten - Urbanopticon - Urban Shirts for urban people<\/title>\n<meta name=\"robots\" content=\"noindex, follow\" \/>\n<meta property=\"og:locale\" content=\"de_DE\" \/>\n<meta property=\"og:type\" content=\"article\" \/>\n<meta property=\"og:title\" content=\"Versandarten - Urbanopticon - Urban Shirts for urban people\" \/>\n<meta property=\"og:description\" content=\"Versandinformationen Wir versenden weltweit, mit Ausnahme der folgenden L\u00e4nder: Kuba, Krim, Iran, Nordkorea und Syrien Versandkosten Die Preise variieren je nach Versandadresse und den jeweiligen Frachtraten des Versandunternehmens. Die Berechnung der Versandkosten erfolgt auf Grundlage eines Algorithmus unseres Erf\u00fcllungspartners Printful. Je nach deinem Standort stehen mindestens eine der folgenden Versandoptionen zur Verf\u00fcgung: No rush (10-20 [&hellip;]\" \/>\n<meta property=\"og:url\" content=\"https:\/\/urbanopticon.com\/de\/versandarten\/\" \/>\n<meta property=\"og:site_name\" content=\"Urbanopticon - Urban Shirts for urban people\" \/>\n<meta property=\"article:modified_time\" content=\"2023-10-21T12:46:34+00:00\" \/>\n<meta name=\"twitter:card\" content=\"summary_large_image\" \/>\n<meta name=\"twitter:label1\" content=\"Gesch\u00e4tzte Lesezeit\" \/>\n\t<meta name=\"twitter:data1\" content=\"3\u00a0Minuten\" \/>\n<script type=\"application\/ld+json\" class=\"yoast-schema-graph\">{\"@context\":\"https:\/\/schema.org\",\"@graph\":[{\"@type\":\"WebPage\",\"@id\":\"https:\/\/urbanopticon.com\/de\/versandarten\/\",\"url\":\"https:\/\/urbanopticon.com\/de\/versandarten\/\",\"name\":\"Versandarten - Urbanopticon - Urban Shirts for urban people\",\"isPartOf\":{\"@id\":\"https:\/\/urbanopticon.com\/de\/#website\"},\"datePublished\":\"2023-10-21T06:22:58+00:00\",\"dateModified\":\"2023-10-21T12:46:34+00:00\",\"breadcrumb\":{\"@id\":\"https:\/\/urbanopticon.com\/de\/versandarten\/#breadcrumb\"},\"inLanguage\":\"de\",\"potentialAction\":[{\"@type\":\"ReadAction\",\"target\":[\"https:\/\/urbanopticon.com\/de\/versandarten\/\"]}]},{\"@type\":\"BreadcrumbList\",\"@id\":\"https:\/\/urbanopticon.com\/de\/versandarten\/#breadcrumb\",\"itemListElement\":[{\"@type\":\"ListItem\",\"position\":1,\"name\":\"Startseite\",\"item\":\"https:\/\/urbanopticon.com\/de\/\"},{\"@type\":\"ListItem\",\"position\":2,\"name\":\"Versandarten\"}]},{\"@type\":\"WebSite\",\"@id\":\"https:\/\/urbanopticon.com\/de\/#website\",\"url\":\"https:\/\/urbanopticon.com\/de\/\",\"name\":\"Urbanopticon - Urban Shirts for urban people\",\"description\":\"\",\"publisher\":{\"@id\":\"https:\/\/urbanopticon.com\/de\/#organization\"},\"potentialAction\":[{\"@type\":\"SearchAction\",\"target\":{\"@type\":\"EntryPoint\",\"urlTemplate\":\"https:\/\/urbanopticon.com\/de\/?s={search_term_string}\"},\"query-input\":{\"@type\":\"PropertyValueSpecification\",\"valueRequired\":true,\"valueName\":\"search_term_string\"}}],\"inLanguage\":\"de\"},{\"@type\":\"Organization\",\"@id\":\"https:\/\/urbanopticon.com\/de\/#organization\",\"name\":\"Urbanopticon - Urban Shirts for urban people\",\"url\":\"https:\/\/urbanopticon.com\/de\/\",\"logo\":{\"@type\":\"ImageObject\",\"inLanguage\":\"de\",\"@id\":\"https:\/\/urbanopticon.com\/de\/#\/schema\/logo\/image\/\",\"url\":\"https:\/\/urbanopticon.com\/wp-content\/uploads\/2022\/05\/logo-new.png\",\"contentUrl\":\"https:\/\/urbanopticon.com\/wp-content\/uploads\/2022\/05\/logo-new.png\",\"width\":587,\"height\":304,\"caption\":\"Urbanopticon - Urban Shirts for urban people\"},\"image\":{\"@id\":\"https:\/\/urbanopticon.com\/de\/#\/schema\/logo\/image\/\"}}]}<\/script>\n<!-- \/ Yoast SEO plugin. -->","yoast_head_json":{"title":"Versandarten - Urbanopticon - Urban Shirts for urban people","robots":{"index":"noindex","follow":"follow"},"og_locale":"de_DE","og_type":"article","og_title":"Versandarten - Urbanopticon - Urban Shirts for urban people","og_description":"Versandinformationen Wir versenden weltweit, mit Ausnahme der folgenden L\u00e4nder: Kuba, Krim, Iran, Nordkorea und Syrien Versandkosten Die Preise variieren je nach Versandadresse und den jeweiligen Frachtraten des Versandunternehmens. Die Berechnung der Versandkosten erfolgt auf Grundlage eines Algorithmus unseres Erf\u00fcllungspartners Printful. Je nach deinem Standort stehen mindestens eine der folgenden Versandoptionen zur Verf\u00fcgung: No rush (10-20 [&hellip;]","og_url":"https:\/\/urbanopticon.com\/de\/versandarten\/","og_site_name":"Urbanopticon - Urban Shirts for urban people","article_modified_time":"2023-10-21T12:46:34+00:00","twitter_card":"summary_large_image","twitter_misc":{"Gesch\u00e4tzte Lesezeit":"3\u00a0Minuten"},"schema":{"@context":"https:\/\/schema.org","@graph":[{"@type":"WebPage","@id":"https:\/\/urbanopticon.com\/de\/versandarten\/","url":"https:\/\/urbanopticon.com\/de\/versandarten\/","name":"Versandarten - Urbanopticon - Urban Shirts for urban people","isPartOf":{"@id":"https:\/\/urbanopticon.com\/de\/#website"},"datePublished":"2023-10-21T06:22:58+00:00","dateModified":"2023-10-21T12:46:34+00:00","breadcrumb":{"@id":"https:\/\/urbanopticon.com\/de\/versandarten\/#breadcrumb"},"inLanguage":"de","potentialAction":[{"@type":"ReadAction","target":["https:\/\/urbanopticon.com\/de\/versandarten\/"]}]},{"@type":"BreadcrumbList","@id":"https:\/\/urbanopticon.com\/de\/versandarten\/#breadcrumb","itemListElement":[{"@type":"ListItem","position":1,"name":"Startseite","item":"https:\/\/urbanopticon.com\/de\/"},{"@type":"ListItem","position":2,"name":"Versandarten"}]},{"@type":"WebSite","@id":"https:\/\/urbanopticon.com\/de\/#website","url":"https:\/\/urbanopticon.com\/de\/","name":"Urbanopticon - Urban Shirts for urban people","description":"","publisher":{"@id":"https:\/\/urbanopticon.com\/de\/#organization"},"potentialAction":[{"@type":"SearchAction","target":{"@type":"EntryPoint","urlTemplate":"https:\/\/urbanopticon.com\/de\/?s={search_term_string}"},"query-input":{"@type":"PropertyValueSpecification","valueRequired":true,"valueName":"search_term_string"}}],"inLanguage":"de"},{"@type":"Organization","@id":"https:\/\/urbanopticon.com\/de\/#organization","name":"Urbanopticon - Urban Shirts for urban people","url":"https:\/\/urbanopticon.com\/de\/","logo":{"@type":"ImageObject","inLanguage":"de","@id":"https:\/\/urbanopticon.com\/de\/#\/schema\/logo\/image\/","url":"https:\/\/urbanopticon.com\/wp-content\/uploads\/2022\/05\/logo-new.png","contentUrl":"https:\/\/urbanopticon.com\/wp-content\/uploads\/2022\/05\/logo-new.png","width":587,"height":304,"caption":"Urbanopticon - Urban Shirts for urban people"},"image":{"@id":"https:\/\/urbanopticon.com\/de\/#\/schema\/logo\/image\/"}}]}},"_links":{"self":[{"href":"https:\/\/urbanopticon.com\/de\/wp-json\/wp\/v2\/pages\/3882","targetHints":{"allow":["GET"]}}],"collection":[{"href":"https:\/\/urbanopticon.com\/de\/wp-json\/wp\/v2\/pages"}],"about":[{"href":"https:\/\/urbanopticon.com\/de\/wp-json\/wp\/v2\/types\/page"}],"author":[{"embeddable":true,"href":"https:\/\/urbanopticon.com\/de\/wp-json\/wp\/v2\/users\/3"}],"replies":[{"embeddable":true,"href":"https:\/\/urbanopticon.com\/de\/wp-json\/wp\/v2\/comments?post=3882"}],"version-history":[{"count":0,"href":"https:\/\/urbanopticon.com\/de\/wp-json\/wp\/v2\/pages\/3882\/revisions"}],"wp:attachment":[{"href":"https:\/\/urbanopticon.com\/de\/wp-json\/wp\/v2\/media?parent=3882"}],"curies":[{"name":"wp","href":"https:\/\/api.w.org\/{rel}","templated":true}]}}