{"id":7140,"date":"2023-11-02T10:57:19","date_gmt":"2023-11-02T09:57:19","guid":{"rendered":"https:\/\/urbanopticon.com\/product\/geometrischer-wolfs-pullover\/"},"modified":"2023-11-06T09:50:22","modified_gmt":"2023-11-06T08:50:22","slug":"geometric-wolf-sweater","status":"publish","type":"product","link":"https:\/\/urbanopticon.com\/de\/produkt\/geometric-wolf-sweater\/","title":{"rendered":"Geometric wolf sweater"},"content":{"rendered":"<p>Mit unserem Pullover &#8222;Geometric Wolf&#8220; betrittst du die Welt der Wildnis mit einem modernen Twist. Dieses einzigartige St\u00fcck f\u00e4ngt die raue Essenz und Sch\u00f6nheit des Wolfes durch ein Prisma aus geometrischen Formen und schimmernden Gelbt\u00f6nen ein.<\/p>\n<p>Die Kunstfertigkeit, die hinter dem Design steckt, zeigt sich in der sorgf\u00e4ltigen Anordnung von Dreiecken, Polygonen und scharfen Linien, die den durchdringenden Blick und das grimmige Verhalten des Wolfs zum Leben erwecken. Die warmen Gelbt\u00f6ne, gepaart mit grauen und schwarzen Farbtupfern, ergeben ein faszinierendes Muster, das die wilde und doch k\u00f6nigliche Natur dieser ikonischen Kreatur hervorhebt.<\/p>\n<p>Aber bei diesem Pullover geht es nicht nur um das Design, sondern auch um die Kraft, die Treue und die geheimnisvolle Anziehungskraft der W\u00f6lfe. Die geometrische Darstellung dient als Br\u00fccke zwischen der nat\u00fcrlichen Welt und dem digitalen Zeitalter und stellt eine harmonische Mischung aus Tradition und Moderne dar.<\/p>\n<p>Der Pullover &#8222;Geometric Wolf&#8220; eignet sich sowohl f\u00fcr l\u00e4ssige Ausfl\u00fcge als auch f\u00fcr besondere Anl\u00e4sse und bietet einen vielseitigen Stil. Egal, ob du deine Liebe zur Tierwelt ausdr\u00fccken, deine Wertsch\u00e4tzung f\u00fcr moderne Kunst zeigen oder einfach nur ein gewagtes Modestatement setzen willst, mit diesem Pullover bist du bestens ausgestattet.<\/p>\n<p>Das mit Pr\u00e4zision und Liebe zum Detail gefertigte Design garantiert Langlebigkeit und Strapazierf\u00e4higkeit und macht es zu einer unverzichtbaren Erg\u00e4nzung f\u00fcr jeden Kleiderschrank. Wenn du ihn tr\u00e4gst, soll der ungez\u00e4hmte Geist des Wolfes dein Selbstvertrauen, deine F\u00fchrungsqualit\u00e4ten und einen Hauch von Wildheit in deinem t\u00e4glichen Leben inspirieren.<\/p>\n<p>Wenn du also auf der Suche nach einem St\u00fcck bist, das sowohl \u00e4sthetisch ansprechend als auch symboltr\u00e4chtig ist, brauchst du nicht weiter zu suchen. Der Pullover &#8222;Geometric Wolf&#8220; ist mehr als nur ein Kleidungsst\u00fcck; er ist ein tragbares Kunstwerk, das den zeitlosen Reiz der Wildnis widerspiegelt.<\/p>\n<p>Die klassische Sweatshirt-Silhouette mit geripptem Rundhalsausschnitt, langen \u00c4rmelb\u00fcndchen und einem flachen Saum. Du kannst sie \u00fcbereinander oder einzeln tragen, um einen modernen Streetwear-Look zu kreieren. Mit der weichen Fleece-Innenseite und der bequemen Passform wird er sicher sofort zu deinem Lieblingspullover f\u00fcr jeden Tag!<\/p>\n<p>&#8211; 100% Baumwolle Gesicht<br \/>\n&#8211; 65% Baumwolle, 35% Polyester<br \/>\n&#8211; Charcoal Heather besteht aus 55% Baumwolle, 45% Polyester<br \/>\n&#8211; Stoffgewicht: 8,5 oz\/y\u00b2 (288,2 g\/m\u00b2)<br \/>\n&#8211; Dicht gestricktes 3-Enden-Fleece  <br \/>\n&#8211; Seitlich gen\u00e4hte Konstruktion<br \/>\n&#8211; Selbstgestrickter Aufn\u00e4her auf der R\u00fcckseite<br \/>\n&#8211; Doppelt gen\u00e4hter Rippenkragen, Manschetten und Saum<br \/>\n&#8211; Blankes Produkt aus Pakistan<\/p>\n<p>Dieses Produkt wird speziell f\u00fcr dich hergestellt, sobald du eine Bestellung aufgibst. Deshalb dauert es etwas l\u00e4nger, bis wir es dir liefern k\u00f6nnen. Die Herstellung von Produkten nach Bedarf statt in gro\u00dfen Mengen tr\u00e4gt dazu bei, die \u00dcberproduktion zu reduzieren. Danke also, dass du deine Kaufentscheidungen mit Bedacht triffst!<\/p>\n","protected":false},"excerpt":{"rendered":"<p>Entfessle deine wilde Seite mit dem Pullover &#8222;Geometric Wolf&#8220;! Eine Mischung aus scharfen Winkeln und leuchtenden Gelbt\u00f6nen schafft eine moderne, fesselnde Darstellung dieser majest\u00e4tischen Kreatur, mit der du in jeder Menge auff\u00e4llst.<\/p>\n","protected":false},"featured_media":6408,"template":"","meta":{"inline_featured_image":false,"site-sidebar-layout":"default","site-content-layout":"","ast-site-content-layout":"default","site-content-style":"default","site-sidebar-style":"default","ast-global-header-display":"","ast-banner-title-visibility":"","ast-main-header-display":"","ast-hfb-above-header-display":"","ast-hfb-below-header-display":"","ast-hfb-mobile-header-display":"","site-post-title":"","ast-breadcrumbs-content":"","ast-featured-img":"","footer-sml-layout":"","ast-disable-related-posts":"","theme-transparent-header-meta":"default","adv-header-id-meta":"","stick-header-meta":"","header-above-stick-meta":"","header-main-stick-meta":"","header-below-stick-meta":"","astra-migrate-meta-layouts":"default","ast-page-background-enabled":"default","ast-page-background-meta":{"desktop":{"background-color":"var(--ast-global-color-4)","background-image":"","background-repeat":"repeat","background-position":"center center","background-size":"auto","background-attachment":"scroll","background-type":"","background-media":"","overlay-type":"","overlay-color":"","overlay-opacity":"","overlay-gradient":""},"tablet":{"background-color":"","background-image":"","background-repeat":"repeat","background-position":"center center","background-size":"auto","background-attachment":"scroll","background-type":"","background-media":"","overlay-type":"","overlay-color":"","overlay-opacity":"","overlay-gradient":""},"mobile":{"background-color":"","background-image":"","background-repeat":"repeat","background-position":"center center","background-size":"auto","background-attachment":"scroll","background-type":"","background-media":"","overlay-type":"","overlay-color":"","overlay-opacity":"","overlay-gradient":""}},"ast-content-background-meta":{"desktop":{"background-color":"var(--ast-global-color-5)","background-image":"","background-repeat":"repeat","background-position":"center center","background-size":"auto","background-attachment":"scroll","background-type":"","background-media":"","overlay-type":"","overlay-color":"","overlay-opacity":"","overlay-gradient":""},"tablet":{"background-color":"var(--ast-global-color-5)","background-image":"","background-repeat":"repeat","background-position":"center center","background-size":"auto","background-attachment":"scroll","background-type":"","background-media":"","overlay-type":"","overlay-color":"","overlay-opacity":"","overlay-gradient":""},"mobile":{"background-color":"var(--ast-global-color-5)","background-image":"","background-repeat":"repeat","background-position":"center center","background-size":"auto","background-attachment":"scroll","background-type":"","background-media":"","overlay-type":"","overlay-color":"","overlay-opacity":"","overlay-gradient":""}}},"product_brand":[],"product_cat":[210,213,216],"product_tag":[],"class_list":{"0":"post-7140","1":"product","2":"type-product","3":"status-publish","4":"has-post-thumbnail","6":"product_cat-maenner","7":"product_cat-oberteile","8":"product_cat-sweatshirts","9":"pa_color-black-de","10":"pa_color-karbon-grau","11":"pa_color-charcoal-heather-de","12":"pa_color-marineblazer","13":"pa_size-s","14":"pa_size-m","15":"pa_size-l","16":"pa_size-xl","17":"pa_size-2xl","18":"desktop-align-left","19":"tablet-align-left","20":"mobile-align-left","22":"first","23":"instock","24":"taxable","25":"shipping-taxable","26":"purchasable","27":"product-type-variable"},"yoast_head":"<!-- This site is optimized with the Yoast SEO plugin v27.0 - https:\/\/yoast.com\/product\/yoast-seo-wordpress\/ -->\n<title>Geometric wolf sweater - Urbanopticon - Urban Shirts for urban people<\/title>\n<meta name=\"robots\" content=\"index, follow, max-snippet:-1, max-image-preview:large, max-video-preview:-1\" \/>\n<link rel=\"canonical\" href=\"https:\/\/urbanopticon.com\/de\/produkt\/geometric-wolf-sweater\/\" \/>\n<meta property=\"og:locale\" content=\"de_DE\" \/>\n<meta property=\"og:type\" content=\"article\" \/>\n<meta property=\"og:title\" content=\"Geometric wolf sweater - Urbanopticon - Urban Shirts for urban people\" \/>\n<meta property=\"og:description\" content=\"Entfessle deine wilde Seite mit dem Pullover &quot;Geometric Wolf&quot;! Eine Mischung aus scharfen Winkeln und leuchtenden Gelbt\u00f6nen schafft eine moderne, fesselnde Darstellung dieser majest\u00e4tischen Kreatur, mit der du in jeder Menge auff\u00e4llst.\" \/>\n<meta property=\"og:url\" content=\"https:\/\/urbanopticon.com\/de\/produkt\/geometric-wolf-sweater\/\" \/>\n<meta property=\"og:site_name\" content=\"Urbanopticon - Urban Shirts for urban people\" \/>\n<meta property=\"article:modified_time\" content=\"2023-11-06T08:50:22+00:00\" \/>\n<meta property=\"og:image\" content=\"https:\/\/urbanopticon.com\/wp-content\/uploads\/2023\/11\/unisex-premium-sweatshirt-black-front-6543722e80a57.jpg\" \/>\n\t<meta property=\"og:image:width\" content=\"2000\" \/>\n\t<meta property=\"og:image:height\" content=\"2000\" \/>\n\t<meta property=\"og:image:type\" content=\"image\/jpeg\" \/>\n<meta name=\"twitter:card\" content=\"summary_large_image\" \/>\n<meta name=\"twitter:label1\" content=\"Gesch\u00e4tzte Lesezeit\" \/>\n\t<meta name=\"twitter:data1\" content=\"2\u00a0Minuten\" \/>\n<script type=\"application\/ld+json\" class=\"yoast-schema-graph\">{\"@context\":\"https:\/\/schema.org\",\"@graph\":[{\"@type\":\"WebPage\",\"@id\":\"https:\/\/urbanopticon.com\/de\/produkt\/geometric-wolf-sweater\/\",\"url\":\"https:\/\/urbanopticon.com\/de\/produkt\/geometric-wolf-sweater\/\",\"name\":\"Geometric wolf sweater - Urbanopticon - Urban Shirts for urban people\",\"isPartOf\":{\"@id\":\"https:\/\/urbanopticon.com\/de\/#website\"},\"primaryImageOfPage\":{\"@id\":\"https:\/\/urbanopticon.com\/de\/produkt\/geometric-wolf-sweater\/#primaryimage\"},\"image\":{\"@id\":\"https:\/\/urbanopticon.com\/de\/produkt\/geometric-wolf-sweater\/#primaryimage\"},\"thumbnailUrl\":\"https:\/\/urbanopticon.com\/wp-content\/uploads\/2023\/11\/unisex-premium-sweatshirt-black-front-6543722e80a57.jpg\",\"datePublished\":\"2023-11-02T09:57:19+00:00\",\"dateModified\":\"2023-11-06T08:50:22+00:00\",\"breadcrumb\":{\"@id\":\"https:\/\/urbanopticon.com\/de\/produkt\/geometric-wolf-sweater\/#breadcrumb\"},\"inLanguage\":\"de\",\"potentialAction\":[{\"@type\":\"ReadAction\",\"target\":[\"https:\/\/urbanopticon.com\/de\/produkt\/geometric-wolf-sweater\/\"]}]},{\"@type\":\"ImageObject\",\"inLanguage\":\"de\",\"@id\":\"https:\/\/urbanopticon.com\/de\/produkt\/geometric-wolf-sweater\/#primaryimage\",\"url\":\"https:\/\/urbanopticon.com\/wp-content\/uploads\/2023\/11\/unisex-premium-sweatshirt-black-front-6543722e80a57.jpg\",\"contentUrl\":\"https:\/\/urbanopticon.com\/wp-content\/uploads\/2023\/11\/unisex-premium-sweatshirt-black-front-6543722e80a57.jpg\",\"width\":2000,\"height\":2000},{\"@type\":\"BreadcrumbList\",\"@id\":\"https:\/\/urbanopticon.com\/de\/produkt\/geometric-wolf-sweater\/#breadcrumb\",\"itemListElement\":[{\"@type\":\"ListItem\",\"position\":1,\"name\":\"Startseite\",\"item\":\"https:\/\/urbanopticon.com\/de\/\"},{\"@type\":\"ListItem\",\"position\":2,\"name\":\"Shop\",\"item\":\"https:\/\/urbanopticon.com\/shop\/\"},{\"@type\":\"ListItem\",\"position\":3,\"name\":\"Geometric wolf sweater\"}]},{\"@type\":\"WebSite\",\"@id\":\"https:\/\/urbanopticon.com\/de\/#website\",\"url\":\"https:\/\/urbanopticon.com\/de\/\",\"name\":\"Urbanopticon - Urban Shirts for urban people\",\"description\":\"\",\"publisher\":{\"@id\":\"https:\/\/urbanopticon.com\/de\/#organization\"},\"potentialAction\":[{\"@type\":\"SearchAction\",\"target\":{\"@type\":\"EntryPoint\",\"urlTemplate\":\"https:\/\/urbanopticon.com\/de\/?s={search_term_string}\"},\"query-input\":{\"@type\":\"PropertyValueSpecification\",\"valueRequired\":true,\"valueName\":\"search_term_string\"}}],\"inLanguage\":\"de\"},{\"@type\":\"Organization\",\"@id\":\"https:\/\/urbanopticon.com\/de\/#organization\",\"name\":\"Urbanopticon - Urban Shirts for urban people\",\"url\":\"https:\/\/urbanopticon.com\/de\/\",\"logo\":{\"@type\":\"ImageObject\",\"inLanguage\":\"de\",\"@id\":\"https:\/\/urbanopticon.com\/de\/#\/schema\/logo\/image\/\",\"url\":\"https:\/\/urbanopticon.com\/wp-content\/uploads\/2022\/05\/logo-new.png\",\"contentUrl\":\"https:\/\/urbanopticon.com\/wp-content\/uploads\/2022\/05\/logo-new.png\",\"width\":587,\"height\":304,\"caption\":\"Urbanopticon - Urban Shirts for urban people\"},\"image\":{\"@id\":\"https:\/\/urbanopticon.com\/de\/#\/schema\/logo\/image\/\"}}]}<\/script>\n<!-- \/ Yoast SEO plugin. -->","yoast_head_json":{"title":"Geometric wolf sweater - Urbanopticon - Urban Shirts for urban people","robots":{"index":"index","follow":"follow","max-snippet":"max-snippet:-1","max-image-preview":"max-image-preview:large","max-video-preview":"max-video-preview:-1"},"canonical":"https:\/\/urbanopticon.com\/de\/produkt\/geometric-wolf-sweater\/","og_locale":"de_DE","og_type":"article","og_title":"Geometric wolf sweater - Urbanopticon - Urban Shirts for urban people","og_description":"Entfessle deine wilde Seite mit dem Pullover \"Geometric Wolf\"! Eine Mischung aus scharfen Winkeln und leuchtenden Gelbt\u00f6nen schafft eine moderne, fesselnde Darstellung dieser majest\u00e4tischen Kreatur, mit der du in jeder Menge auff\u00e4llst.","og_url":"https:\/\/urbanopticon.com\/de\/produkt\/geometric-wolf-sweater\/","og_site_name":"Urbanopticon - Urban Shirts for urban people","article_modified_time":"2023-11-06T08:50:22+00:00","og_image":[{"width":2000,"height":2000,"url":"https:\/\/urbanopticon.com\/wp-content\/uploads\/2023\/11\/unisex-premium-sweatshirt-black-front-6543722e80a57.jpg","type":"image\/jpeg"}],"twitter_card":"summary_large_image","twitter_misc":{"Gesch\u00e4tzte Lesezeit":"2\u00a0Minuten"},"schema":{"@context":"https:\/\/schema.org","@graph":[{"@type":"WebPage","@id":"https:\/\/urbanopticon.com\/de\/produkt\/geometric-wolf-sweater\/","url":"https:\/\/urbanopticon.com\/de\/produkt\/geometric-wolf-sweater\/","name":"Geometric wolf sweater - Urbanopticon - Urban Shirts for urban people","isPartOf":{"@id":"https:\/\/urbanopticon.com\/de\/#website"},"primaryImageOfPage":{"@id":"https:\/\/urbanopticon.com\/de\/produkt\/geometric-wolf-sweater\/#primaryimage"},"image":{"@id":"https:\/\/urbanopticon.com\/de\/produkt\/geometric-wolf-sweater\/#primaryimage"},"thumbnailUrl":"https:\/\/urbanopticon.com\/wp-content\/uploads\/2023\/11\/unisex-premium-sweatshirt-black-front-6543722e80a57.jpg","datePublished":"2023-11-02T09:57:19+00:00","dateModified":"2023-11-06T08:50:22+00:00","breadcrumb":{"@id":"https:\/\/urbanopticon.com\/de\/produkt\/geometric-wolf-sweater\/#breadcrumb"},"inLanguage":"de","potentialAction":[{"@type":"ReadAction","target":["https:\/\/urbanopticon.com\/de\/produkt\/geometric-wolf-sweater\/"]}]},{"@type":"ImageObject","inLanguage":"de","@id":"https:\/\/urbanopticon.com\/de\/produkt\/geometric-wolf-sweater\/#primaryimage","url":"https:\/\/urbanopticon.com\/wp-content\/uploads\/2023\/11\/unisex-premium-sweatshirt-black-front-6543722e80a57.jpg","contentUrl":"https:\/\/urbanopticon.com\/wp-content\/uploads\/2023\/11\/unisex-premium-sweatshirt-black-front-6543722e80a57.jpg","width":2000,"height":2000},{"@type":"BreadcrumbList","@id":"https:\/\/urbanopticon.com\/de\/produkt\/geometric-wolf-sweater\/#breadcrumb","itemListElement":[{"@type":"ListItem","position":1,"name":"Startseite","item":"https:\/\/urbanopticon.com\/de\/"},{"@type":"ListItem","position":2,"name":"Shop","item":"https:\/\/urbanopticon.com\/shop\/"},{"@type":"ListItem","position":3,"name":"Geometric wolf sweater"}]},{"@type":"WebSite","@id":"https:\/\/urbanopticon.com\/de\/#website","url":"https:\/\/urbanopticon.com\/de\/","name":"Urbanopticon - Urban Shirts for urban people","description":"","publisher":{"@id":"https:\/\/urbanopticon.com\/de\/#organization"},"potentialAction":[{"@type":"SearchAction","target":{"@type":"EntryPoint","urlTemplate":"https:\/\/urbanopticon.com\/de\/?s={search_term_string}"},"query-input":{"@type":"PropertyValueSpecification","valueRequired":true,"valueName":"search_term_string"}}],"inLanguage":"de"},{"@type":"Organization","@id":"https:\/\/urbanopticon.com\/de\/#organization","name":"Urbanopticon - Urban Shirts for urban people","url":"https:\/\/urbanopticon.com\/de\/","logo":{"@type":"ImageObject","inLanguage":"de","@id":"https:\/\/urbanopticon.com\/de\/#\/schema\/logo\/image\/","url":"https:\/\/urbanopticon.com\/wp-content\/uploads\/2022\/05\/logo-new.png","contentUrl":"https:\/\/urbanopticon.com\/wp-content\/uploads\/2022\/05\/logo-new.png","width":587,"height":304,"caption":"Urbanopticon - Urban Shirts for urban people"},"image":{"@id":"https:\/\/urbanopticon.com\/de\/#\/schema\/logo\/image\/"}}]}},"_links":{"self":[{"href":"https:\/\/urbanopticon.com\/de\/wp-json\/wp\/v2\/product\/7140","targetHints":{"allow":["GET"]}}],"collection":[{"href":"https:\/\/urbanopticon.com\/de\/wp-json\/wp\/v2\/product"}],"about":[{"href":"https:\/\/urbanopticon.com\/de\/wp-json\/wp\/v2\/types\/product"}],"wp:featuredmedia":[{"embeddable":true,"href":"https:\/\/urbanopticon.com\/de\/wp-json\/wp\/v2\/media\/6408"}],"wp:attachment":[{"href":"https:\/\/urbanopticon.com\/de\/wp-json\/wp\/v2\/media?parent=7140"}],"wp:term":[{"taxonomy":"product_brand","embeddable":true,"href":"https:\/\/urbanopticon.com\/de\/wp-json\/wp\/v2\/product_brand?post=7140"},{"taxonomy":"product_cat","embeddable":true,"href":"https:\/\/urbanopticon.com\/de\/wp-json\/wp\/v2\/product_cat?post=7140"},{"taxonomy":"product_tag","embeddable":true,"href":"https:\/\/urbanopticon.com\/de\/wp-json\/wp\/v2\/product_tag?post=7140"}],"curies":[{"name":"wp","href":"https:\/\/api.w.org\/{rel}","templated":true}]}}