{"id":7281,"date":"2023-10-16T11:33:40","date_gmt":"2023-10-16T09:33:40","guid":{"rendered":"https:\/\/urbanopticon.com\/product\/lustiges-insel-t-shirt\/"},"modified":"2023-11-06T09:56:58","modified_gmt":"2023-11-06T08:56:58","slug":"funny-island-tee","status":"publish","type":"product","link":"https:\/\/urbanopticon.com\/de\/produkt\/funny-island-tee\/","title":{"rendered":"Funny island tee"},"content":{"rendered":"<p>Setze die Segel f\u00fcr eine Welt voller Spa\u00df und Lachen mit dem &#8222;funny island&#8220;-T-Shirt, exklusiv bei urbanopticon! Dieses Hemd zeigt eine fr\u00f6hliche Insel, die von einer Vielzahl verspielter, farbenfroher Kreaturen umgeben ist, und verspr\u00fcht einen tropischen Charme.<\/p>\n<p>Ob es die strahlenden Augen in der Mitte der Insel sind oder die albernen und lebhaften Figuren, die sich dort tummeln &#8211; das Design verspricht eine fr\u00f6hliche Reise in ein fantasievolles Land. Das T-Shirt ist aus weichem, atmungsaktivem Material gefertigt und bietet sowohl Komfort als auch Stil.<\/p>\n<p>Sie ist die perfekte Wahl f\u00fcr l\u00e4ssige Ausfl\u00fcge, Strandurlaube oder jeden Tag, an dem du deinem Outfit einen Hauch von Fr\u00f6hlichkeit verleihen willst. Lachen, lieben und faulenzen mit dem &#8222;funny island&#8220;-T-Shirt &#8211; ein Inselabenteuer, f\u00fcr das man kein Boot braucht. Sichern Sie sich Ihr Exemplar nur heute bei urbanopticon!<\/p>\n<p>Dieses T-Shirt ist alles, wovon du getr\u00e4umt hast und mehr. Es f\u00fchlt sich weich und leicht an, mit dem richtigen Ma\u00df an Stretch. Sie ist bequem und schmeichelhaft f\u00fcr alle.<\/p>\n<p>&#8211; 100% gek\u00e4mmte und ringgesponnene Baumwolle (Heather-Farben enthalten Polyester)<br \/>\n&#8211; Stoffgewicht: 4,2 oz.\/yd.\u00b2 (142 g\/m\u00b2)<br \/>\n&#8211; Vorgeschrumpfter Stoff<br \/>\n&#8211; Seitlich gen\u00e4hte Konstruktion<br \/>\n&#8211; Schulter-zu-Schulter-Gurtung<br \/>\n&#8211; Blanko-Produkte aus Nicaragua, Mexiko, Honduras oder den USA<\/p>\n<p>Dieses Produkt wird speziell f\u00fcr dich hergestellt, sobald du eine Bestellung aufgibst. Deshalb dauert es etwas l\u00e4nger, bis wir es dir liefern k\u00f6nnen. Die Herstellung von Produkten nach Bedarf statt in gro\u00dfen Mengen tr\u00e4gt dazu bei, die \u00dcberproduktion zu reduzieren. Danke also, dass du deine Kaufentscheidungen mit Bedacht triffst!<\/p>\n","protected":false},"excerpt":{"rendered":"<p>Entdecke eine Welt voller Skurrilit\u00e4t mit unserem &#8222;funny island&#8220;-Shirt, in dem sich skurrile Kreaturen in tropischer Pracht sonnen!<\/p>\n","protected":false},"featured_media":3384,"template":"","meta":{"inline_featured_image":false,"site-sidebar-layout":"default","site-content-layout":"","ast-site-content-layout":"default","site-content-style":"default","site-sidebar-style":"default","ast-global-header-display":"","ast-banner-title-visibility":"","ast-main-header-display":"","ast-hfb-above-header-display":"","ast-hfb-below-header-display":"","ast-hfb-mobile-header-display":"","site-post-title":"","ast-breadcrumbs-content":"","ast-featured-img":"","footer-sml-layout":"","ast-disable-related-posts":"","theme-transparent-header-meta":"default","adv-header-id-meta":"","stick-header-meta":"","header-above-stick-meta":"","header-main-stick-meta":"","header-below-stick-meta":"","astra-migrate-meta-layouts":"default","ast-page-background-enabled":"default","ast-page-background-meta":{"desktop":{"background-color":"var(--ast-global-color-4)","background-image":"","background-repeat":"repeat","background-position":"center center","background-size":"auto","background-attachment":"scroll","background-type":"","background-media":"","overlay-type":"","overlay-color":"","overlay-opacity":"","overlay-gradient":""},"tablet":{"background-color":"","background-image":"","background-repeat":"repeat","background-position":"center center","background-size":"auto","background-attachment":"scroll","background-type":"","background-media":"","overlay-type":"","overlay-color":"","overlay-opacity":"","overlay-gradient":""},"mobile":{"background-color":"","background-image":"","background-repeat":"repeat","background-position":"center center","background-size":"auto","background-attachment":"scroll","background-type":"","background-media":"","overlay-type":"","overlay-color":"","overlay-opacity":"","overlay-gradient":""}},"ast-content-background-meta":{"desktop":{"background-color":"var(--ast-global-color-5)","background-image":"","background-repeat":"repeat","background-position":"center center","background-size":"auto","background-attachment":"scroll","background-type":"","background-media":"","overlay-type":"","overlay-color":"","overlay-opacity":"","overlay-gradient":""},"tablet":{"background-color":"var(--ast-global-color-5)","background-image":"","background-repeat":"repeat","background-position":"center center","background-size":"auto","background-attachment":"scroll","background-type":"","background-media":"","overlay-type":"","overlay-color":"","overlay-opacity":"","overlay-gradient":""},"mobile":{"background-color":"var(--ast-global-color-5)","background-image":"","background-repeat":"repeat","background-position":"center center","background-size":"auto","background-attachment":"scroll","background-type":"","background-media":"","overlay-type":"","overlay-color":"","overlay-opacity":"","overlay-gradient":""}}},"product_brand":[],"product_cat":[210,213,239],"product_tag":[],"class_list":{"0":"post-7281","1":"product","2":"type-product","3":"status-publish","4":"has-post-thumbnail","6":"product_cat-maenner","7":"product_cat-oberteile","8":"product_cat-t-shirts-de","9":"pa_color-black-de","10":"pa_color-black-heather-de","11":"pa_color-gold-de","12":"pa_color-ozeanblau","13":"pa_color-rot","14":"pa_color-stahlblau","15":"pa_size-s","16":"pa_size-m","17":"pa_size-l","18":"pa_size-xl","19":"pa_size-2xl","20":"desktop-align-left","21":"tablet-align-left","22":"mobile-align-left","24":"first","25":"instock","26":"taxable","27":"shipping-taxable","28":"purchasable","29":"product-type-variable"},"yoast_head":"<!-- This site is optimized with the Yoast SEO plugin v27.0 - https:\/\/yoast.com\/product\/yoast-seo-wordpress\/ -->\n<title>Funny island tee - Urbanopticon - Urban Shirts for urban people<\/title>\n<meta name=\"robots\" content=\"index, follow, max-snippet:-1, max-image-preview:large, max-video-preview:-1\" \/>\n<link rel=\"canonical\" href=\"https:\/\/urbanopticon.com\/de\/produkt\/funny-island-tee\/\" \/>\n<meta property=\"og:locale\" content=\"de_DE\" \/>\n<meta property=\"og:type\" content=\"article\" \/>\n<meta property=\"og:title\" content=\"Funny island tee - Urbanopticon - Urban Shirts for urban people\" \/>\n<meta property=\"og:description\" content=\"Entdecke eine Welt voller Skurrilit\u00e4t mit unserem &quot;funny island&quot;-Shirt, in dem sich skurrile Kreaturen in tropischer Pracht sonnen!\" \/>\n<meta property=\"og:url\" content=\"https:\/\/urbanopticon.com\/de\/produkt\/funny-island-tee\/\" \/>\n<meta property=\"og:site_name\" content=\"Urbanopticon - Urban Shirts for urban people\" \/>\n<meta property=\"article:modified_time\" content=\"2023-11-06T08:56:58+00:00\" \/>\n<meta property=\"og:image\" content=\"https:\/\/urbanopticon.com\/wp-content\/uploads\/2023\/10\/unisex-staple-t-shirt-red-front-652d03639a9ed.jpg\" \/>\n\t<meta property=\"og:image:width\" content=\"2000\" \/>\n\t<meta property=\"og:image:height\" content=\"2000\" \/>\n\t<meta property=\"og:image:type\" content=\"image\/jpeg\" \/>\n<meta name=\"twitter:card\" content=\"summary_large_image\" \/>\n<meta name=\"twitter:label1\" content=\"Gesch\u00e4tzte Lesezeit\" \/>\n\t<meta name=\"twitter:data1\" content=\"1\u00a0Minute\" \/>\n<script type=\"application\/ld+json\" class=\"yoast-schema-graph\">{\"@context\":\"https:\/\/schema.org\",\"@graph\":[{\"@type\":\"WebPage\",\"@id\":\"https:\/\/urbanopticon.com\/de\/produkt\/funny-island-tee\/\",\"url\":\"https:\/\/urbanopticon.com\/de\/produkt\/funny-island-tee\/\",\"name\":\"Funny island tee - Urbanopticon - Urban Shirts for urban people\",\"isPartOf\":{\"@id\":\"https:\/\/urbanopticon.com\/de\/#website\"},\"primaryImageOfPage\":{\"@id\":\"https:\/\/urbanopticon.com\/de\/produkt\/funny-island-tee\/#primaryimage\"},\"image\":{\"@id\":\"https:\/\/urbanopticon.com\/de\/produkt\/funny-island-tee\/#primaryimage\"},\"thumbnailUrl\":\"https:\/\/urbanopticon.com\/wp-content\/uploads\/2023\/10\/unisex-staple-t-shirt-red-front-652d03639a9ed.jpg\",\"datePublished\":\"2023-10-16T09:33:40+00:00\",\"dateModified\":\"2023-11-06T08:56:58+00:00\",\"breadcrumb\":{\"@id\":\"https:\/\/urbanopticon.com\/de\/produkt\/funny-island-tee\/#breadcrumb\"},\"inLanguage\":\"de\",\"potentialAction\":[{\"@type\":\"ReadAction\",\"target\":[\"https:\/\/urbanopticon.com\/de\/produkt\/funny-island-tee\/\"]}]},{\"@type\":\"ImageObject\",\"inLanguage\":\"de\",\"@id\":\"https:\/\/urbanopticon.com\/de\/produkt\/funny-island-tee\/#primaryimage\",\"url\":\"https:\/\/urbanopticon.com\/wp-content\/uploads\/2023\/10\/unisex-staple-t-shirt-red-front-652d03639a9ed.jpg\",\"contentUrl\":\"https:\/\/urbanopticon.com\/wp-content\/uploads\/2023\/10\/unisex-staple-t-shirt-red-front-652d03639a9ed.jpg\",\"width\":2000,\"height\":2000},{\"@type\":\"BreadcrumbList\",\"@id\":\"https:\/\/urbanopticon.com\/de\/produkt\/funny-island-tee\/#breadcrumb\",\"itemListElement\":[{\"@type\":\"ListItem\",\"position\":1,\"name\":\"Startseite\",\"item\":\"https:\/\/urbanopticon.com\/de\/\"},{\"@type\":\"ListItem\",\"position\":2,\"name\":\"Shop\",\"item\":\"https:\/\/urbanopticon.com\/shop\/\"},{\"@type\":\"ListItem\",\"position\":3,\"name\":\"Funny island tee\"}]},{\"@type\":\"WebSite\",\"@id\":\"https:\/\/urbanopticon.com\/de\/#website\",\"url\":\"https:\/\/urbanopticon.com\/de\/\",\"name\":\"Urbanopticon - Urban Shirts for urban people\",\"description\":\"\",\"publisher\":{\"@id\":\"https:\/\/urbanopticon.com\/de\/#organization\"},\"potentialAction\":[{\"@type\":\"SearchAction\",\"target\":{\"@type\":\"EntryPoint\",\"urlTemplate\":\"https:\/\/urbanopticon.com\/de\/?s={search_term_string}\"},\"query-input\":{\"@type\":\"PropertyValueSpecification\",\"valueRequired\":true,\"valueName\":\"search_term_string\"}}],\"inLanguage\":\"de\"},{\"@type\":\"Organization\",\"@id\":\"https:\/\/urbanopticon.com\/de\/#organization\",\"name\":\"Urbanopticon - Urban Shirts for urban people\",\"url\":\"https:\/\/urbanopticon.com\/de\/\",\"logo\":{\"@type\":\"ImageObject\",\"inLanguage\":\"de\",\"@id\":\"https:\/\/urbanopticon.com\/de\/#\/schema\/logo\/image\/\",\"url\":\"https:\/\/urbanopticon.com\/wp-content\/uploads\/2022\/05\/logo-new.png\",\"contentUrl\":\"https:\/\/urbanopticon.com\/wp-content\/uploads\/2022\/05\/logo-new.png\",\"width\":587,\"height\":304,\"caption\":\"Urbanopticon - Urban Shirts for urban people\"},\"image\":{\"@id\":\"https:\/\/urbanopticon.com\/de\/#\/schema\/logo\/image\/\"}}]}<\/script>\n<!-- \/ Yoast SEO plugin. -->","yoast_head_json":{"title":"Funny island tee - Urbanopticon - Urban Shirts for urban people","robots":{"index":"index","follow":"follow","max-snippet":"max-snippet:-1","max-image-preview":"max-image-preview:large","max-video-preview":"max-video-preview:-1"},"canonical":"https:\/\/urbanopticon.com\/de\/produkt\/funny-island-tee\/","og_locale":"de_DE","og_type":"article","og_title":"Funny island tee - Urbanopticon - Urban Shirts for urban people","og_description":"Entdecke eine Welt voller Skurrilit\u00e4t mit unserem \"funny island\"-Shirt, in dem sich skurrile Kreaturen in tropischer Pracht sonnen!","og_url":"https:\/\/urbanopticon.com\/de\/produkt\/funny-island-tee\/","og_site_name":"Urbanopticon - Urban Shirts for urban people","article_modified_time":"2023-11-06T08:56:58+00:00","og_image":[{"width":2000,"height":2000,"url":"https:\/\/urbanopticon.com\/wp-content\/uploads\/2023\/10\/unisex-staple-t-shirt-red-front-652d03639a9ed.jpg","type":"image\/jpeg"}],"twitter_card":"summary_large_image","twitter_misc":{"Gesch\u00e4tzte Lesezeit":"1\u00a0Minute"},"schema":{"@context":"https:\/\/schema.org","@graph":[{"@type":"WebPage","@id":"https:\/\/urbanopticon.com\/de\/produkt\/funny-island-tee\/","url":"https:\/\/urbanopticon.com\/de\/produkt\/funny-island-tee\/","name":"Funny island tee - Urbanopticon - Urban Shirts for urban people","isPartOf":{"@id":"https:\/\/urbanopticon.com\/de\/#website"},"primaryImageOfPage":{"@id":"https:\/\/urbanopticon.com\/de\/produkt\/funny-island-tee\/#primaryimage"},"image":{"@id":"https:\/\/urbanopticon.com\/de\/produkt\/funny-island-tee\/#primaryimage"},"thumbnailUrl":"https:\/\/urbanopticon.com\/wp-content\/uploads\/2023\/10\/unisex-staple-t-shirt-red-front-652d03639a9ed.jpg","datePublished":"2023-10-16T09:33:40+00:00","dateModified":"2023-11-06T08:56:58+00:00","breadcrumb":{"@id":"https:\/\/urbanopticon.com\/de\/produkt\/funny-island-tee\/#breadcrumb"},"inLanguage":"de","potentialAction":[{"@type":"ReadAction","target":["https:\/\/urbanopticon.com\/de\/produkt\/funny-island-tee\/"]}]},{"@type":"ImageObject","inLanguage":"de","@id":"https:\/\/urbanopticon.com\/de\/produkt\/funny-island-tee\/#primaryimage","url":"https:\/\/urbanopticon.com\/wp-content\/uploads\/2023\/10\/unisex-staple-t-shirt-red-front-652d03639a9ed.jpg","contentUrl":"https:\/\/urbanopticon.com\/wp-content\/uploads\/2023\/10\/unisex-staple-t-shirt-red-front-652d03639a9ed.jpg","width":2000,"height":2000},{"@type":"BreadcrumbList","@id":"https:\/\/urbanopticon.com\/de\/produkt\/funny-island-tee\/#breadcrumb","itemListElement":[{"@type":"ListItem","position":1,"name":"Startseite","item":"https:\/\/urbanopticon.com\/de\/"},{"@type":"ListItem","position":2,"name":"Shop","item":"https:\/\/urbanopticon.com\/shop\/"},{"@type":"ListItem","position":3,"name":"Funny island tee"}]},{"@type":"WebSite","@id":"https:\/\/urbanopticon.com\/de\/#website","url":"https:\/\/urbanopticon.com\/de\/","name":"Urbanopticon - Urban Shirts for urban people","description":"","publisher":{"@id":"https:\/\/urbanopticon.com\/de\/#organization"},"potentialAction":[{"@type":"SearchAction","target":{"@type":"EntryPoint","urlTemplate":"https:\/\/urbanopticon.com\/de\/?s={search_term_string}"},"query-input":{"@type":"PropertyValueSpecification","valueRequired":true,"valueName":"search_term_string"}}],"inLanguage":"de"},{"@type":"Organization","@id":"https:\/\/urbanopticon.com\/de\/#organization","name":"Urbanopticon - Urban Shirts for urban people","url":"https:\/\/urbanopticon.com\/de\/","logo":{"@type":"ImageObject","inLanguage":"de","@id":"https:\/\/urbanopticon.com\/de\/#\/schema\/logo\/image\/","url":"https:\/\/urbanopticon.com\/wp-content\/uploads\/2022\/05\/logo-new.png","contentUrl":"https:\/\/urbanopticon.com\/wp-content\/uploads\/2022\/05\/logo-new.png","width":587,"height":304,"caption":"Urbanopticon - Urban Shirts for urban people"},"image":{"@id":"https:\/\/urbanopticon.com\/de\/#\/schema\/logo\/image\/"}}]}},"_links":{"self":[{"href":"https:\/\/urbanopticon.com\/de\/wp-json\/wp\/v2\/product\/7281","targetHints":{"allow":["GET"]}}],"collection":[{"href":"https:\/\/urbanopticon.com\/de\/wp-json\/wp\/v2\/product"}],"about":[{"href":"https:\/\/urbanopticon.com\/de\/wp-json\/wp\/v2\/types\/product"}],"wp:featuredmedia":[{"embeddable":true,"href":"https:\/\/urbanopticon.com\/de\/wp-json\/wp\/v2\/media\/3384"}],"wp:attachment":[{"href":"https:\/\/urbanopticon.com\/de\/wp-json\/wp\/v2\/media?parent=7281"}],"wp:term":[{"taxonomy":"product_brand","embeddable":true,"href":"https:\/\/urbanopticon.com\/de\/wp-json\/wp\/v2\/product_brand?post=7281"},{"taxonomy":"product_cat","embeddable":true,"href":"https:\/\/urbanopticon.com\/de\/wp-json\/wp\/v2\/product_cat?post=7281"},{"taxonomy":"product_tag","embeddable":true,"href":"https:\/\/urbanopticon.com\/de\/wp-json\/wp\/v2\/product_tag?post=7281"}],"curies":[{"name":"wp","href":"https:\/\/api.w.org\/{rel}","templated":true}]}}