{"id":7579,"date":"2023-11-01T22:27:49","date_gmt":"2023-11-01T21:27:49","guid":{"rendered":"https:\/\/urbanopticon.com\/product\/pulli-fuer-bueroangestellte-mit-gehirnwaesche\/"},"modified":"2023-11-06T09:56:57","modified_gmt":"2023-11-06T08:56:57","slug":"brainwashed-office-guy-sweater","status":"publish","type":"product","link":"https:\/\/urbanopticon.com\/de\/produkt\/brainwashed-office-guy-sweater\/","title":{"rendered":"Brainwashed office guy sweater"},"content":{"rendered":"<p>In einer Welt, die zunehmend von Bildschirmen, sozialen Medien und dem st\u00e4ndigen Zustrom von Informationen beherrscht wird, f\u00e4ngt der Pullover &#8222;Brainwashed Office Guy&#8220; die \u00fcberw\u00e4ltigende Erfahrung des modernen Menschen ein. Mit seinem ausgekl\u00fcgelten Design und seiner kraftvollen Botschaft spricht dieser Pullover B\u00e4nde \u00fcber die gesellschaftlichen Herausforderungen im Zeitalter der digitalen Omnipr\u00e4senz.<\/p>\n<p>Das zentrale Bild zeigt einen scharf gekleideten B\u00fcroangestellten mit gro\u00dfen Augen, die eine Mischung aus Schock und Erkenntnis darstellen und die \u00dcbermacht des modernen Lebens symbolisieren. Um ihn herum steht ein chaotisches Sammelsurium aus alten Fernsehern, Polaroid-Fotos, Kassetten und Radios, die alle unterschiedliche Erinnerungen, Gef\u00fchle und Erwartungen transportieren. Diese Darstellungen betonen den Konflikt zwischen der Vergangenheit und der Gegenwart und das Gewicht der gesellschaftlichen Normen und Erinnerungen, mit denen der Einzelne oft belastet ist.<\/p>\n<p>Die tropfenden Motive und die miteinander verbundenen Dr\u00e4hte dienen als Metaphern f\u00fcr die Vernetzung der heutigen Gesellschaft und den \u00fcberw\u00e4ltigenden Druck, immer mit dem Stromnetz verbunden zu sein. Die Graustufenpalette, die durch den starken Kontrast zwischen Licht und Schatten unterstrichen wird, unterstreicht den inneren Kampf der zentralen Figur und vermittelt das Gef\u00fchl, in dieser chaotischen digitalen Welt gefangen zu sein.<\/p>\n<p>Der hochaufl\u00f6sende Druck wurde mit viel Liebe zum Detail hergestellt und stellt sicher, dass jedes Element &#8211; vom nuancierten Ausdruck auf den Fotos bis hin zu den winzigen Details auf den alten Ger\u00e4ten &#8211; perfekt zur Geltung kommt. Der Pullover &#8222;Brainwashed Office Guy&#8220; ist aus hochwertigen Materialien gefertigt und bietet nicht nur eine starke visuelle Darstellung, sondern auch maximalen Komfort f\u00fcr seine Tr\u00e4gerinnen und Tr\u00e4ger.<\/p>\n<p>Dieser Pullover ist perfekt f\u00fcr alle, die Kunst mit Tiefe und Bedeutung zu sch\u00e4tzen wissen. Er spiegelt die digitalen Herausforderungen unserer Zeit wider. Egal, ob du ein Gespr\u00e4ch bei einem geselligen Beisammensein anregst oder einfach nur nach einem Statement-Piece suchst, das die Komplexit\u00e4t des modernen Lebens widerspiegelt, dieser Pullover ist eine ergreifende Erg\u00e4nzung f\u00fcr jede Garderobe. Trage sie als mutiges Statement gegen die \u00fcberw\u00e4ltigende Flut der digitalen Konformit\u00e4t und lass deinen Stil ein tieferes Verst\u00e4ndnis der heutigen Welt widerspiegeln.<\/p>\n<p>Die klassische Sweatshirt-Silhouette mit geripptem Rundhalsausschnitt, langen \u00c4rmelb\u00fcndchen und einem flachen Saum. Du kannst sie \u00fcbereinander oder einzeln tragen, um einen modernen Streetwear-Look zu kreieren. Mit der weichen Fleece-Innenseite und der bequemen Passform wird er sicher sofort zu deinem Lieblingspullover f\u00fcr jeden Tag!<\/p>\n<p>&#8211; 100% Baumwolle Gesicht<br \/>\n&#8211; 65% Baumwolle, 35% Polyester<br \/>\n&#8211; Charcoal Heather besteht aus 55% Baumwolle, 45% Polyester<br \/>\n&#8211; Stoffgewicht: 8,5 oz\/y\u00b2 (288,2 g\/m\u00b2)<br \/>\n&#8211; Dicht gestricktes 3-Enden-Fleece<br \/>\n&#8211; Seitlich gen\u00e4hte Konstruktion<br \/>\n&#8211; Selbstgestrickter Aufn\u00e4her auf der R\u00fcckseite<br \/>\n&#8211; Doppelt gen\u00e4hter Rippenkragen, Manschetten und Saum<br \/>\n&#8211; Blankes Produkt aus Pakistan<\/p>\n<p>Dieses Produkt wird speziell f\u00fcr dich hergestellt, sobald du eine Bestellung aufgibst. Deshalb dauert es etwas l\u00e4nger, bis wir es dir liefern k\u00f6nnen. Die Herstellung von Produkten nach Bedarf statt in gro\u00dfen Mengen tr\u00e4gt dazu bei, die \u00dcberproduktion zu reduzieren. Danke also, dass du deine Kaufentscheidungen mit Bedacht triffst!<\/p>\n","protected":false},"excerpt":{"rendered":"<p>Mit dem &#8222;Brainwashed Office Guy&#8220;-Pullover kannst du in die Gedankenwelt des modernen Arbeiters eintauchen und eine nachdenklich stimmende Darstellung der Informations\u00fcberlastung und des gesellschaftlichen Drucks im heutigen digitalen Zeitalter zeigen.<\/p>\n","protected":false},"featured_media":5158,"template":"","meta":{"inline_featured_image":false,"site-sidebar-layout":"default","site-content-layout":"","ast-site-content-layout":"default","site-content-style":"default","site-sidebar-style":"default","ast-global-header-display":"","ast-banner-title-visibility":"","ast-main-header-display":"","ast-hfb-above-header-display":"","ast-hfb-below-header-display":"","ast-hfb-mobile-header-display":"","site-post-title":"","ast-breadcrumbs-content":"","ast-featured-img":"","footer-sml-layout":"","ast-disable-related-posts":"","theme-transparent-header-meta":"default","adv-header-id-meta":"","stick-header-meta":"","header-above-stick-meta":"","header-main-stick-meta":"","header-below-stick-meta":"","astra-migrate-meta-layouts":"default","ast-page-background-enabled":"default","ast-page-background-meta":{"desktop":{"background-color":"var(--ast-global-color-4)","background-image":"","background-repeat":"repeat","background-position":"center center","background-size":"auto","background-attachment":"scroll","background-type":"","background-media":"","overlay-type":"","overlay-color":"","overlay-opacity":"","overlay-gradient":""},"tablet":{"background-color":"","background-image":"","background-repeat":"repeat","background-position":"center center","background-size":"auto","background-attachment":"scroll","background-type":"","background-media":"","overlay-type":"","overlay-color":"","overlay-opacity":"","overlay-gradient":""},"mobile":{"background-color":"","background-image":"","background-repeat":"repeat","background-position":"center center","background-size":"auto","background-attachment":"scroll","background-type":"","background-media":"","overlay-type":"","overlay-color":"","overlay-opacity":"","overlay-gradient":""}},"ast-content-background-meta":{"desktop":{"background-color":"var(--ast-global-color-5)","background-image":"","background-repeat":"repeat","background-position":"center center","background-size":"auto","background-attachment":"scroll","background-type":"","background-media":"","overlay-type":"","overlay-color":"","overlay-opacity":"","overlay-gradient":""},"tablet":{"background-color":"var(--ast-global-color-5)","background-image":"","background-repeat":"repeat","background-position":"center center","background-size":"auto","background-attachment":"scroll","background-type":"","background-media":"","overlay-type":"","overlay-color":"","overlay-opacity":"","overlay-gradient":""},"mobile":{"background-color":"var(--ast-global-color-5)","background-image":"","background-repeat":"repeat","background-position":"center center","background-size":"auto","background-attachment":"scroll","background-type":"","background-media":"","overlay-type":"","overlay-color":"","overlay-opacity":"","overlay-gradient":""}}},"product_brand":[],"product_cat":[210,213,216],"product_tag":[],"class_list":{"0":"post-7579","1":"product","2":"type-product","3":"status-publish","4":"has-post-thumbnail","6":"product_cat-maenner","7":"product_cat-oberteile","8":"product_cat-sweatshirts","9":"pa_size-s","10":"pa_size-m","11":"pa_size-l","12":"pa_size-xl","13":"pa_size-2xl","14":"desktop-align-left","15":"tablet-align-left","16":"mobile-align-left","18":"first","19":"instock","20":"taxable","21":"shipping-taxable","22":"purchasable","23":"product-type-variable"},"yoast_head":"<!-- This site is optimized with the Yoast SEO plugin v27.0 - https:\/\/yoast.com\/product\/yoast-seo-wordpress\/ -->\n<title>Brainwashed office guy sweater - Urbanopticon - Urban Shirts for urban people<\/title>\n<meta name=\"robots\" content=\"index, follow, max-snippet:-1, max-image-preview:large, max-video-preview:-1\" \/>\n<link rel=\"canonical\" href=\"https:\/\/urbanopticon.com\/de\/produkt\/brainwashed-office-guy-sweater\/\" \/>\n<meta property=\"og:locale\" content=\"de_DE\" \/>\n<meta property=\"og:type\" content=\"article\" \/>\n<meta property=\"og:title\" content=\"Brainwashed office guy sweater - Urbanopticon - Urban Shirts for urban people\" \/>\n<meta property=\"og:description\" content=\"Mit dem &quot;Brainwashed Office Guy&quot;-Pullover kannst du in die Gedankenwelt des modernen Arbeiters eintauchen und eine nachdenklich stimmende Darstellung der Informations\u00fcberlastung und des gesellschaftlichen Drucks im heutigen digitalen Zeitalter zeigen.\" \/>\n<meta property=\"og:url\" content=\"https:\/\/urbanopticon.com\/de\/produkt\/brainwashed-office-guy-sweater\/\" \/>\n<meta property=\"og:site_name\" content=\"Urbanopticon - Urban Shirts for urban people\" \/>\n<meta property=\"article:modified_time\" content=\"2023-11-06T08:56:57+00:00\" \/>\n<meta property=\"og:image\" content=\"https:\/\/urbanopticon.com\/wp-content\/uploads\/2023\/11\/unisex-premium-sweatshirt-black-front-6542c2c63f623.jpg\" \/>\n\t<meta property=\"og:image:width\" content=\"2000\" \/>\n\t<meta property=\"og:image:height\" content=\"2000\" \/>\n\t<meta property=\"og:image:type\" content=\"image\/jpeg\" \/>\n<meta name=\"twitter:card\" content=\"summary_large_image\" \/>\n<meta name=\"twitter:label1\" content=\"Gesch\u00e4tzte Lesezeit\" \/>\n\t<meta name=\"twitter:data1\" content=\"3\u00a0Minuten\" \/>\n<script type=\"application\/ld+json\" class=\"yoast-schema-graph\">{\"@context\":\"https:\/\/schema.org\",\"@graph\":[{\"@type\":\"WebPage\",\"@id\":\"https:\/\/urbanopticon.com\/de\/produkt\/brainwashed-office-guy-sweater\/\",\"url\":\"https:\/\/urbanopticon.com\/de\/produkt\/brainwashed-office-guy-sweater\/\",\"name\":\"Brainwashed office guy sweater - Urbanopticon - Urban Shirts for urban people\",\"isPartOf\":{\"@id\":\"https:\/\/urbanopticon.com\/de\/#website\"},\"primaryImageOfPage\":{\"@id\":\"https:\/\/urbanopticon.com\/de\/produkt\/brainwashed-office-guy-sweater\/#primaryimage\"},\"image\":{\"@id\":\"https:\/\/urbanopticon.com\/de\/produkt\/brainwashed-office-guy-sweater\/#primaryimage\"},\"thumbnailUrl\":\"https:\/\/urbanopticon.com\/wp-content\/uploads\/2023\/11\/unisex-premium-sweatshirt-black-front-6542c2c63f623.jpg\",\"datePublished\":\"2023-11-01T21:27:49+00:00\",\"dateModified\":\"2023-11-06T08:56:57+00:00\",\"breadcrumb\":{\"@id\":\"https:\/\/urbanopticon.com\/de\/produkt\/brainwashed-office-guy-sweater\/#breadcrumb\"},\"inLanguage\":\"de\",\"potentialAction\":[{\"@type\":\"ReadAction\",\"target\":[\"https:\/\/urbanopticon.com\/de\/produkt\/brainwashed-office-guy-sweater\/\"]}]},{\"@type\":\"ImageObject\",\"inLanguage\":\"de\",\"@id\":\"https:\/\/urbanopticon.com\/de\/produkt\/brainwashed-office-guy-sweater\/#primaryimage\",\"url\":\"https:\/\/urbanopticon.com\/wp-content\/uploads\/2023\/11\/unisex-premium-sweatshirt-black-front-6542c2c63f623.jpg\",\"contentUrl\":\"https:\/\/urbanopticon.com\/wp-content\/uploads\/2023\/11\/unisex-premium-sweatshirt-black-front-6542c2c63f623.jpg\",\"width\":2000,\"height\":2000},{\"@type\":\"BreadcrumbList\",\"@id\":\"https:\/\/urbanopticon.com\/de\/produkt\/brainwashed-office-guy-sweater\/#breadcrumb\",\"itemListElement\":[{\"@type\":\"ListItem\",\"position\":1,\"name\":\"Startseite\",\"item\":\"https:\/\/urbanopticon.com\/de\/\"},{\"@type\":\"ListItem\",\"position\":2,\"name\":\"Shop\",\"item\":\"https:\/\/urbanopticon.com\/shop\/\"},{\"@type\":\"ListItem\",\"position\":3,\"name\":\"Brainwashed office guy sweater\"}]},{\"@type\":\"WebSite\",\"@id\":\"https:\/\/urbanopticon.com\/de\/#website\",\"url\":\"https:\/\/urbanopticon.com\/de\/\",\"name\":\"Urbanopticon - Urban Shirts for urban people\",\"description\":\"\",\"publisher\":{\"@id\":\"https:\/\/urbanopticon.com\/de\/#organization\"},\"potentialAction\":[{\"@type\":\"SearchAction\",\"target\":{\"@type\":\"EntryPoint\",\"urlTemplate\":\"https:\/\/urbanopticon.com\/de\/?s={search_term_string}\"},\"query-input\":{\"@type\":\"PropertyValueSpecification\",\"valueRequired\":true,\"valueName\":\"search_term_string\"}}],\"inLanguage\":\"de\"},{\"@type\":\"Organization\",\"@id\":\"https:\/\/urbanopticon.com\/de\/#organization\",\"name\":\"Urbanopticon - Urban Shirts for urban people\",\"url\":\"https:\/\/urbanopticon.com\/de\/\",\"logo\":{\"@type\":\"ImageObject\",\"inLanguage\":\"de\",\"@id\":\"https:\/\/urbanopticon.com\/de\/#\/schema\/logo\/image\/\",\"url\":\"https:\/\/urbanopticon.com\/wp-content\/uploads\/2022\/05\/logo-new.png\",\"contentUrl\":\"https:\/\/urbanopticon.com\/wp-content\/uploads\/2022\/05\/logo-new.png\",\"width\":587,\"height\":304,\"caption\":\"Urbanopticon - Urban Shirts for urban people\"},\"image\":{\"@id\":\"https:\/\/urbanopticon.com\/de\/#\/schema\/logo\/image\/\"}}]}<\/script>\n<!-- \/ Yoast SEO plugin. -->","yoast_head_json":{"title":"Brainwashed office guy sweater - Urbanopticon - Urban Shirts for urban people","robots":{"index":"index","follow":"follow","max-snippet":"max-snippet:-1","max-image-preview":"max-image-preview:large","max-video-preview":"max-video-preview:-1"},"canonical":"https:\/\/urbanopticon.com\/de\/produkt\/brainwashed-office-guy-sweater\/","og_locale":"de_DE","og_type":"article","og_title":"Brainwashed office guy sweater - Urbanopticon - Urban Shirts for urban people","og_description":"Mit dem \"Brainwashed Office Guy\"-Pullover kannst du in die Gedankenwelt des modernen Arbeiters eintauchen und eine nachdenklich stimmende Darstellung der Informations\u00fcberlastung und des gesellschaftlichen Drucks im heutigen digitalen Zeitalter zeigen.","og_url":"https:\/\/urbanopticon.com\/de\/produkt\/brainwashed-office-guy-sweater\/","og_site_name":"Urbanopticon - Urban Shirts for urban people","article_modified_time":"2023-11-06T08:56:57+00:00","og_image":[{"width":2000,"height":2000,"url":"https:\/\/urbanopticon.com\/wp-content\/uploads\/2023\/11\/unisex-premium-sweatshirt-black-front-6542c2c63f623.jpg","type":"image\/jpeg"}],"twitter_card":"summary_large_image","twitter_misc":{"Gesch\u00e4tzte Lesezeit":"3\u00a0Minuten"},"schema":{"@context":"https:\/\/schema.org","@graph":[{"@type":"WebPage","@id":"https:\/\/urbanopticon.com\/de\/produkt\/brainwashed-office-guy-sweater\/","url":"https:\/\/urbanopticon.com\/de\/produkt\/brainwashed-office-guy-sweater\/","name":"Brainwashed office guy sweater - Urbanopticon - Urban Shirts for urban people","isPartOf":{"@id":"https:\/\/urbanopticon.com\/de\/#website"},"primaryImageOfPage":{"@id":"https:\/\/urbanopticon.com\/de\/produkt\/brainwashed-office-guy-sweater\/#primaryimage"},"image":{"@id":"https:\/\/urbanopticon.com\/de\/produkt\/brainwashed-office-guy-sweater\/#primaryimage"},"thumbnailUrl":"https:\/\/urbanopticon.com\/wp-content\/uploads\/2023\/11\/unisex-premium-sweatshirt-black-front-6542c2c63f623.jpg","datePublished":"2023-11-01T21:27:49+00:00","dateModified":"2023-11-06T08:56:57+00:00","breadcrumb":{"@id":"https:\/\/urbanopticon.com\/de\/produkt\/brainwashed-office-guy-sweater\/#breadcrumb"},"inLanguage":"de","potentialAction":[{"@type":"ReadAction","target":["https:\/\/urbanopticon.com\/de\/produkt\/brainwashed-office-guy-sweater\/"]}]},{"@type":"ImageObject","inLanguage":"de","@id":"https:\/\/urbanopticon.com\/de\/produkt\/brainwashed-office-guy-sweater\/#primaryimage","url":"https:\/\/urbanopticon.com\/wp-content\/uploads\/2023\/11\/unisex-premium-sweatshirt-black-front-6542c2c63f623.jpg","contentUrl":"https:\/\/urbanopticon.com\/wp-content\/uploads\/2023\/11\/unisex-premium-sweatshirt-black-front-6542c2c63f623.jpg","width":2000,"height":2000},{"@type":"BreadcrumbList","@id":"https:\/\/urbanopticon.com\/de\/produkt\/brainwashed-office-guy-sweater\/#breadcrumb","itemListElement":[{"@type":"ListItem","position":1,"name":"Startseite","item":"https:\/\/urbanopticon.com\/de\/"},{"@type":"ListItem","position":2,"name":"Shop","item":"https:\/\/urbanopticon.com\/shop\/"},{"@type":"ListItem","position":3,"name":"Brainwashed office guy sweater"}]},{"@type":"WebSite","@id":"https:\/\/urbanopticon.com\/de\/#website","url":"https:\/\/urbanopticon.com\/de\/","name":"Urbanopticon - Urban Shirts for urban people","description":"","publisher":{"@id":"https:\/\/urbanopticon.com\/de\/#organization"},"potentialAction":[{"@type":"SearchAction","target":{"@type":"EntryPoint","urlTemplate":"https:\/\/urbanopticon.com\/de\/?s={search_term_string}"},"query-input":{"@type":"PropertyValueSpecification","valueRequired":true,"valueName":"search_term_string"}}],"inLanguage":"de"},{"@type":"Organization","@id":"https:\/\/urbanopticon.com\/de\/#organization","name":"Urbanopticon - Urban Shirts for urban people","url":"https:\/\/urbanopticon.com\/de\/","logo":{"@type":"ImageObject","inLanguage":"de","@id":"https:\/\/urbanopticon.com\/de\/#\/schema\/logo\/image\/","url":"https:\/\/urbanopticon.com\/wp-content\/uploads\/2022\/05\/logo-new.png","contentUrl":"https:\/\/urbanopticon.com\/wp-content\/uploads\/2022\/05\/logo-new.png","width":587,"height":304,"caption":"Urbanopticon - Urban Shirts for urban people"},"image":{"@id":"https:\/\/urbanopticon.com\/de\/#\/schema\/logo\/image\/"}}]}},"_links":{"self":[{"href":"https:\/\/urbanopticon.com\/de\/wp-json\/wp\/v2\/product\/7579","targetHints":{"allow":["GET"]}}],"collection":[{"href":"https:\/\/urbanopticon.com\/de\/wp-json\/wp\/v2\/product"}],"about":[{"href":"https:\/\/urbanopticon.com\/de\/wp-json\/wp\/v2\/types\/product"}],"wp:featuredmedia":[{"embeddable":true,"href":"https:\/\/urbanopticon.com\/de\/wp-json\/wp\/v2\/media\/5158"}],"wp:attachment":[{"href":"https:\/\/urbanopticon.com\/de\/wp-json\/wp\/v2\/media?parent=7579"}],"wp:term":[{"taxonomy":"product_brand","embeddable":true,"href":"https:\/\/urbanopticon.com\/de\/wp-json\/wp\/v2\/product_brand?post=7579"},{"taxonomy":"product_cat","embeddable":true,"href":"https:\/\/urbanopticon.com\/de\/wp-json\/wp\/v2\/product_cat?post=7579"},{"taxonomy":"product_tag","embeddable":true,"href":"https:\/\/urbanopticon.com\/de\/wp-json\/wp\/v2\/product_tag?post=7579"}],"curies":[{"name":"wp","href":"https:\/\/api.w.org\/{rel}","templated":true}]}}