{"id":8389,"date":"2023-10-16T10:15:09","date_gmt":"2023-10-16T08:15:09","guid":{"rendered":"https:\/\/urbanopticon.com\/product\/elektrisches-stadt-t-stueck\/"},"modified":"2023-11-06T10:02:05","modified_gmt":"2023-11-06T09:02:05","slug":"electric-city-t-shirt","status":"publish","type":"product","link":"https:\/\/urbanopticon.com\/de\/produkt\/electric-city-t-shirt\/","title":{"rendered":"Electric city T-Shirt"},"content":{"rendered":"<p>Tauche tief in den Gro\u00dfstadtdschungel ein mit dem Electric City T-Shirt von Urbanopticon. Mit einer harmonischen Mischung aus dunklen Wolkenkratzern und einem goldenen Sonnenuntergang erweckt dieses Design die Essenz der pulsierenden Stadt auf einer weichen, wei\u00dfen Leinwand zum Leben. Dieses Hemd f\u00fcr Stadtliebhaber und Entdecker f\u00e4ngt den elektrisierenden Geist moderner Stadtlandschaften ein.<\/p>\n<p>Er ist ein Muss f\u00fcr jeden, der seine Streetwear aufwerten will. Das T-Shirt passt perfekt zur urbanen \u00c4sthetik und hebt sich durch das sorgf\u00e4ltige Artwork von der Masse ab. Das ist nicht nur ein Kleidungsst\u00fcck, sondern eine Liebeserkl\u00e4rung an den Rhythmus des Stadtlebens.<\/p>\n<p>Shoppe jetzt im Shirt-Shop von Urbanopticon und entdecke unsere gro\u00dfe Kollektion an Urbanwear, Streetwear und einzigartigen Grafik-T-Shirts, die den Beat der Stra\u00dfen der Stadt mitschwingen lassen. Schnapp dir dein Exemplar noch heute und trage den Herzschlag der Stadt nah an dir!<\/p>\n<p>Dieses T-Shirt ist alles, wovon du getr\u00e4umt hast und mehr. Es f\u00fchlt sich weich und leicht an, mit dem richtigen Ma\u00df an Stretch. Sie ist bequem und schmeichelhaft f\u00fcr alle.<\/p>\n<p>&#8211; 100% gek\u00e4mmte und ringgesponnene Baumwolle (Heather-Farben enthalten Polyester)<br \/>\n&#8211; Stoffgewicht: 4,2 oz.\/yd.\u00b2 (142 g\/m\u00b2)<br \/>\n&#8211; Vorgeschrumpfter Stoff<br \/>\n&#8211; Seitlich gen\u00e4hte Konstruktion<br \/>\n&#8211; Schulter-zu-Schulter-Gurtung<br \/>\n&#8211; Blanko-Produkte aus Nicaragua, Mexiko, Honduras oder den USA<\/p>\n<p>Dieses Produkt wird speziell f\u00fcr dich hergestellt, sobald du eine Bestellung aufgibst. Deshalb dauert es etwas l\u00e4nger, bis wir es dir liefern k\u00f6nnen. Die Herstellung von Produkten nach Bedarf statt in gro\u00dfen Mengen tr\u00e4gt dazu bei, die \u00dcberproduktion zu reduzieren. Danke also, dass du deine Kaufentscheidungen mit Bedacht triffst!<\/p>\n","protected":false},"excerpt":{"rendered":"<p>Bring deinen Stil zum Leuchten! Unser elektrischer Stadttee ist dort, wo Wolkenkratzer auf Sonnenunterg\u00e4nge treffen.<\/p>\n","protected":false},"featured_media":2782,"template":"","meta":{"inline_featured_image":false,"site-sidebar-layout":"default","site-content-layout":"","ast-site-content-layout":"default","site-content-style":"default","site-sidebar-style":"default","ast-global-header-display":"","ast-banner-title-visibility":"","ast-main-header-display":"","ast-hfb-above-header-display":"","ast-hfb-below-header-display":"","ast-hfb-mobile-header-display":"","site-post-title":"","ast-breadcrumbs-content":"","ast-featured-img":"","footer-sml-layout":"","ast-disable-related-posts":"","theme-transparent-header-meta":"default","adv-header-id-meta":"","stick-header-meta":"","header-above-stick-meta":"","header-main-stick-meta":"","header-below-stick-meta":"","astra-migrate-meta-layouts":"default","ast-page-background-enabled":"default","ast-page-background-meta":{"desktop":{"background-color":"var(--ast-global-color-4)","background-image":"","background-repeat":"repeat","background-position":"center center","background-size":"auto","background-attachment":"scroll","background-type":"","background-media":"","overlay-type":"","overlay-color":"","overlay-opacity":"","overlay-gradient":""},"tablet":{"background-color":"","background-image":"","background-repeat":"repeat","background-position":"center center","background-size":"auto","background-attachment":"scroll","background-type":"","background-media":"","overlay-type":"","overlay-color":"","overlay-opacity":"","overlay-gradient":""},"mobile":{"background-color":"","background-image":"","background-repeat":"repeat","background-position":"center center","background-size":"auto","background-attachment":"scroll","background-type":"","background-media":"","overlay-type":"","overlay-color":"","overlay-opacity":"","overlay-gradient":""}},"ast-content-background-meta":{"desktop":{"background-color":"var(--ast-global-color-5)","background-image":"","background-repeat":"repeat","background-position":"center center","background-size":"auto","background-attachment":"scroll","background-type":"","background-media":"","overlay-type":"","overlay-color":"","overlay-opacity":"","overlay-gradient":""},"tablet":{"background-color":"var(--ast-global-color-5)","background-image":"","background-repeat":"repeat","background-position":"center center","background-size":"auto","background-attachment":"scroll","background-type":"","background-media":"","overlay-type":"","overlay-color":"","overlay-opacity":"","overlay-gradient":""},"mobile":{"background-color":"var(--ast-global-color-5)","background-image":"","background-repeat":"repeat","background-position":"center center","background-size":"auto","background-attachment":"scroll","background-type":"","background-media":"","overlay-type":"","overlay-color":"","overlay-opacity":"","overlay-gradient":""}}},"product_brand":[],"product_cat":[210,213,239],"product_tag":[],"class_list":{"0":"post-8389","1":"product","2":"type-product","3":"status-publish","4":"has-post-thumbnail","6":"product_cat-maenner","7":"product_cat-oberteile","8":"product_cat-t-shirts-de","9":"pa_color-black-de","10":"pa_color-weiss","11":"pa_size-s","12":"pa_size-m","13":"pa_size-l","14":"pa_size-xl","15":"pa_size-2xl","16":"desktop-align-left","17":"tablet-align-left","18":"mobile-align-left","20":"first","21":"instock","22":"taxable","23":"shipping-taxable","24":"purchasable","25":"product-type-variable"},"yoast_head":"<!-- This site is optimized with the Yoast SEO plugin v27.0 - https:\/\/yoast.com\/product\/yoast-seo-wordpress\/ -->\n<title>Electric city T-Shirt - Urbanopticon - Urban Shirts for urban people<\/title>\n<meta name=\"robots\" content=\"index, follow, max-snippet:-1, max-image-preview:large, max-video-preview:-1\" \/>\n<link rel=\"canonical\" href=\"https:\/\/urbanopticon.com\/de\/produkt\/electric-city-t-shirt\/\" \/>\n<meta property=\"og:locale\" content=\"de_DE\" \/>\n<meta property=\"og:type\" content=\"article\" \/>\n<meta property=\"og:title\" content=\"Electric city T-Shirt - Urbanopticon - Urban Shirts for urban people\" \/>\n<meta property=\"og:description\" content=\"Bring deinen Stil zum Leuchten! Unser elektrischer Stadttee ist dort, wo Wolkenkratzer auf Sonnenunterg\u00e4nge treffen.\" \/>\n<meta property=\"og:url\" content=\"https:\/\/urbanopticon.com\/de\/produkt\/electric-city-t-shirt\/\" \/>\n<meta property=\"og:site_name\" content=\"Urbanopticon - Urban Shirts for urban people\" \/>\n<meta property=\"article:modified_time\" content=\"2023-11-06T09:02:05+00:00\" \/>\n<meta property=\"og:image\" content=\"https:\/\/urbanopticon.com\/wp-content\/uploads\/2023\/10\/unisex-staple-t-shirt-black-front-652cf0fc3fd9b.jpg\" \/>\n\t<meta property=\"og:image:width\" content=\"2000\" \/>\n\t<meta property=\"og:image:height\" content=\"2000\" \/>\n\t<meta property=\"og:image:type\" content=\"image\/jpeg\" \/>\n<meta name=\"twitter:card\" content=\"summary_large_image\" \/>\n<meta name=\"twitter:label1\" content=\"Gesch\u00e4tzte Lesezeit\" \/>\n\t<meta name=\"twitter:data1\" content=\"1\u00a0Minute\" \/>\n<script type=\"application\/ld+json\" class=\"yoast-schema-graph\">{\"@context\":\"https:\/\/schema.org\",\"@graph\":[{\"@type\":\"WebPage\",\"@id\":\"https:\/\/urbanopticon.com\/de\/produkt\/electric-city-t-shirt\/\",\"url\":\"https:\/\/urbanopticon.com\/de\/produkt\/electric-city-t-shirt\/\",\"name\":\"Electric city T-Shirt - Urbanopticon - Urban Shirts for urban people\",\"isPartOf\":{\"@id\":\"https:\/\/urbanopticon.com\/de\/#website\"},\"primaryImageOfPage\":{\"@id\":\"https:\/\/urbanopticon.com\/de\/produkt\/electric-city-t-shirt\/#primaryimage\"},\"image\":{\"@id\":\"https:\/\/urbanopticon.com\/de\/produkt\/electric-city-t-shirt\/#primaryimage\"},\"thumbnailUrl\":\"https:\/\/urbanopticon.com\/wp-content\/uploads\/2023\/10\/unisex-staple-t-shirt-black-front-652cf0fc3fd9b.jpg\",\"datePublished\":\"2023-10-16T08:15:09+00:00\",\"dateModified\":\"2023-11-06T09:02:05+00:00\",\"breadcrumb\":{\"@id\":\"https:\/\/urbanopticon.com\/de\/produkt\/electric-city-t-shirt\/#breadcrumb\"},\"inLanguage\":\"de\",\"potentialAction\":[{\"@type\":\"ReadAction\",\"target\":[\"https:\/\/urbanopticon.com\/de\/produkt\/electric-city-t-shirt\/\"]}]},{\"@type\":\"ImageObject\",\"inLanguage\":\"de\",\"@id\":\"https:\/\/urbanopticon.com\/de\/produkt\/electric-city-t-shirt\/#primaryimage\",\"url\":\"https:\/\/urbanopticon.com\/wp-content\/uploads\/2023\/10\/unisex-staple-t-shirt-black-front-652cf0fc3fd9b.jpg\",\"contentUrl\":\"https:\/\/urbanopticon.com\/wp-content\/uploads\/2023\/10\/unisex-staple-t-shirt-black-front-652cf0fc3fd9b.jpg\",\"width\":2000,\"height\":2000},{\"@type\":\"BreadcrumbList\",\"@id\":\"https:\/\/urbanopticon.com\/de\/produkt\/electric-city-t-shirt\/#breadcrumb\",\"itemListElement\":[{\"@type\":\"ListItem\",\"position\":1,\"name\":\"Startseite\",\"item\":\"https:\/\/urbanopticon.com\/de\/\"},{\"@type\":\"ListItem\",\"position\":2,\"name\":\"Shop\",\"item\":\"https:\/\/urbanopticon.com\/shop\/\"},{\"@type\":\"ListItem\",\"position\":3,\"name\":\"Electric city T-Shirt\"}]},{\"@type\":\"WebSite\",\"@id\":\"https:\/\/urbanopticon.com\/de\/#website\",\"url\":\"https:\/\/urbanopticon.com\/de\/\",\"name\":\"Urbanopticon - Urban Shirts for urban people\",\"description\":\"\",\"publisher\":{\"@id\":\"https:\/\/urbanopticon.com\/de\/#organization\"},\"potentialAction\":[{\"@type\":\"SearchAction\",\"target\":{\"@type\":\"EntryPoint\",\"urlTemplate\":\"https:\/\/urbanopticon.com\/de\/?s={search_term_string}\"},\"query-input\":{\"@type\":\"PropertyValueSpecification\",\"valueRequired\":true,\"valueName\":\"search_term_string\"}}],\"inLanguage\":\"de\"},{\"@type\":\"Organization\",\"@id\":\"https:\/\/urbanopticon.com\/de\/#organization\",\"name\":\"Urbanopticon - Urban Shirts for urban people\",\"url\":\"https:\/\/urbanopticon.com\/de\/\",\"logo\":{\"@type\":\"ImageObject\",\"inLanguage\":\"de\",\"@id\":\"https:\/\/urbanopticon.com\/de\/#\/schema\/logo\/image\/\",\"url\":\"https:\/\/urbanopticon.com\/wp-content\/uploads\/2022\/05\/logo-new.png\",\"contentUrl\":\"https:\/\/urbanopticon.com\/wp-content\/uploads\/2022\/05\/logo-new.png\",\"width\":587,\"height\":304,\"caption\":\"Urbanopticon - Urban Shirts for urban people\"},\"image\":{\"@id\":\"https:\/\/urbanopticon.com\/de\/#\/schema\/logo\/image\/\"}}]}<\/script>\n<!-- \/ Yoast SEO plugin. -->","yoast_head_json":{"title":"Electric city T-Shirt - Urbanopticon - Urban Shirts for urban people","robots":{"index":"index","follow":"follow","max-snippet":"max-snippet:-1","max-image-preview":"max-image-preview:large","max-video-preview":"max-video-preview:-1"},"canonical":"https:\/\/urbanopticon.com\/de\/produkt\/electric-city-t-shirt\/","og_locale":"de_DE","og_type":"article","og_title":"Electric city T-Shirt - Urbanopticon - Urban Shirts for urban people","og_description":"Bring deinen Stil zum Leuchten! Unser elektrischer Stadttee ist dort, wo Wolkenkratzer auf Sonnenunterg\u00e4nge treffen.","og_url":"https:\/\/urbanopticon.com\/de\/produkt\/electric-city-t-shirt\/","og_site_name":"Urbanopticon - Urban Shirts for urban people","article_modified_time":"2023-11-06T09:02:05+00:00","og_image":[{"width":2000,"height":2000,"url":"https:\/\/urbanopticon.com\/wp-content\/uploads\/2023\/10\/unisex-staple-t-shirt-black-front-652cf0fc3fd9b.jpg","type":"image\/jpeg"}],"twitter_card":"summary_large_image","twitter_misc":{"Gesch\u00e4tzte Lesezeit":"1\u00a0Minute"},"schema":{"@context":"https:\/\/schema.org","@graph":[{"@type":"WebPage","@id":"https:\/\/urbanopticon.com\/de\/produkt\/electric-city-t-shirt\/","url":"https:\/\/urbanopticon.com\/de\/produkt\/electric-city-t-shirt\/","name":"Electric city T-Shirt - Urbanopticon - Urban Shirts for urban people","isPartOf":{"@id":"https:\/\/urbanopticon.com\/de\/#website"},"primaryImageOfPage":{"@id":"https:\/\/urbanopticon.com\/de\/produkt\/electric-city-t-shirt\/#primaryimage"},"image":{"@id":"https:\/\/urbanopticon.com\/de\/produkt\/electric-city-t-shirt\/#primaryimage"},"thumbnailUrl":"https:\/\/urbanopticon.com\/wp-content\/uploads\/2023\/10\/unisex-staple-t-shirt-black-front-652cf0fc3fd9b.jpg","datePublished":"2023-10-16T08:15:09+00:00","dateModified":"2023-11-06T09:02:05+00:00","breadcrumb":{"@id":"https:\/\/urbanopticon.com\/de\/produkt\/electric-city-t-shirt\/#breadcrumb"},"inLanguage":"de","potentialAction":[{"@type":"ReadAction","target":["https:\/\/urbanopticon.com\/de\/produkt\/electric-city-t-shirt\/"]}]},{"@type":"ImageObject","inLanguage":"de","@id":"https:\/\/urbanopticon.com\/de\/produkt\/electric-city-t-shirt\/#primaryimage","url":"https:\/\/urbanopticon.com\/wp-content\/uploads\/2023\/10\/unisex-staple-t-shirt-black-front-652cf0fc3fd9b.jpg","contentUrl":"https:\/\/urbanopticon.com\/wp-content\/uploads\/2023\/10\/unisex-staple-t-shirt-black-front-652cf0fc3fd9b.jpg","width":2000,"height":2000},{"@type":"BreadcrumbList","@id":"https:\/\/urbanopticon.com\/de\/produkt\/electric-city-t-shirt\/#breadcrumb","itemListElement":[{"@type":"ListItem","position":1,"name":"Startseite","item":"https:\/\/urbanopticon.com\/de\/"},{"@type":"ListItem","position":2,"name":"Shop","item":"https:\/\/urbanopticon.com\/shop\/"},{"@type":"ListItem","position":3,"name":"Electric city T-Shirt"}]},{"@type":"WebSite","@id":"https:\/\/urbanopticon.com\/de\/#website","url":"https:\/\/urbanopticon.com\/de\/","name":"Urbanopticon - Urban Shirts for urban people","description":"","publisher":{"@id":"https:\/\/urbanopticon.com\/de\/#organization"},"potentialAction":[{"@type":"SearchAction","target":{"@type":"EntryPoint","urlTemplate":"https:\/\/urbanopticon.com\/de\/?s={search_term_string}"},"query-input":{"@type":"PropertyValueSpecification","valueRequired":true,"valueName":"search_term_string"}}],"inLanguage":"de"},{"@type":"Organization","@id":"https:\/\/urbanopticon.com\/de\/#organization","name":"Urbanopticon - Urban Shirts for urban people","url":"https:\/\/urbanopticon.com\/de\/","logo":{"@type":"ImageObject","inLanguage":"de","@id":"https:\/\/urbanopticon.com\/de\/#\/schema\/logo\/image\/","url":"https:\/\/urbanopticon.com\/wp-content\/uploads\/2022\/05\/logo-new.png","contentUrl":"https:\/\/urbanopticon.com\/wp-content\/uploads\/2022\/05\/logo-new.png","width":587,"height":304,"caption":"Urbanopticon - Urban Shirts for urban people"},"image":{"@id":"https:\/\/urbanopticon.com\/de\/#\/schema\/logo\/image\/"}}]}},"_links":{"self":[{"href":"https:\/\/urbanopticon.com\/de\/wp-json\/wp\/v2\/product\/8389","targetHints":{"allow":["GET"]}}],"collection":[{"href":"https:\/\/urbanopticon.com\/de\/wp-json\/wp\/v2\/product"}],"about":[{"href":"https:\/\/urbanopticon.com\/de\/wp-json\/wp\/v2\/types\/product"}],"wp:featuredmedia":[{"embeddable":true,"href":"https:\/\/urbanopticon.com\/de\/wp-json\/wp\/v2\/media\/2782"}],"wp:attachment":[{"href":"https:\/\/urbanopticon.com\/de\/wp-json\/wp\/v2\/media?parent=8389"}],"wp:term":[{"taxonomy":"product_brand","embeddable":true,"href":"https:\/\/urbanopticon.com\/de\/wp-json\/wp\/v2\/product_brand?post=8389"},{"taxonomy":"product_cat","embeddable":true,"href":"https:\/\/urbanopticon.com\/de\/wp-json\/wp\/v2\/product_cat?post=8389"},{"taxonomy":"product_tag","embeddable":true,"href":"https:\/\/urbanopticon.com\/de\/wp-json\/wp\/v2\/product_tag?post=8389"}],"curies":[{"name":"wp","href":"https:\/\/api.w.org\/{rel}","templated":true}]}}