{"id":8429,"date":"2023-10-16T10:16:46","date_gmt":"2023-10-16T08:16:46","guid":{"rendered":"https:\/\/urbanopticon.com\/product\/pilz-welt-t-shirt\/"},"modified":"2023-11-06T10:01:44","modified_gmt":"2023-11-06T09:01:44","slug":"mushroom-world-t-shirt","status":"publish","type":"product","link":"https:\/\/urbanopticon.com\/de\/produkt\/mushroom-world-t-shirt\/","title":{"rendered":"Mushroom world T-Shirt"},"content":{"rendered":"<p>Yo, Leute! \ud83c\udf44<\/p>\n<p>Tauche ein in eine Welt, in der Fantasie und Stra\u00dfenfeeling aufeinandertreffen &#8211; mit unserem &#8222;Mushroom World&#8220;-T-Shirt. Dieses T-Shirt ist kein gew\u00f6hnliches Grafik-T-Shirt &#8211; es ist eine Reise in ein lebendiges, flippiges Fantasieland. Wenn du dieses Hemd tr\u00e4gst, kannst du dich auf eine \u00c4sthetik einlassen, die sowohl au\u00dferweltlich als auch total urban ist.<\/p>\n<p>Die kr\u00e4ftigen Farben, die verspielten Figuren und die ausgefeilten Details bringen den Graffiti-Style zum Vorschein und machen ihn zu einem Muss f\u00fcr jeden Klamottenladen-Fan. Egal, ob du auf einem Festival oder in der Stadt unterwegs bist, mit diesem Shirt kannst du Wellen schlagen und die Blicke auf dich ziehen.<\/p>\n<p>Unser T-Shirt Shop ist stolz darauf, Kunst mit Mode zu verbinden, und dieses T-Shirt ist da keine Ausnahme. Wenn du also gerne auff\u00e4llige Streetwear tr\u00e4gst, die gleichzeitig ein Kunstwerk ist, dann ist dieses Modell genau das Richtige f\u00fcr dich.<\/p>\n<p>Hebe deine Garderobe auf, zeige deinen Urbanwear-Spirit und lass das &#8222;Mushroom World&#8220;-T-Shirt f\u00fcr sich sprechen. Das Leben ist zu kurz f\u00fcr langweilige Kleidung, warum also nicht ein Meisterwerk tragen? Frieden, Liebe und all die Streetwear-Vibes. \u270c\ufe0f\ud83c\udfa8\ud83c\udf0d<\/p>\n<p>Dieses T-Shirt ist alles, wovon du getr\u00e4umt hast und mehr. Es f\u00fchlt sich weich und leicht an, mit dem richtigen Ma\u00df an Stretch. Sie ist bequem und schmeichelhaft f\u00fcr alle.<\/p>\n<p>&#8211; 100% gek\u00e4mmte und ringgesponnene Baumwolle (Heather-Farben enthalten Polyester)<br \/>\n&#8211; Stoffgewicht: 4,2 oz.\/yd.\u00b2 (142 g\/m\u00b2)<br \/>\n&#8211; Vorgeschrumpfter Stoff<br \/>\n&#8211; Seitlich gen\u00e4hte Konstruktion<br \/>\n&#8211; Schulter-zu-Schulter-Gurtung<br \/>\n&#8211; Blanko-Produkte aus Nicaragua, Mexiko, Honduras oder den USA<\/p>\n<p>Dieses Produkt wird speziell f\u00fcr dich hergestellt, sobald du eine Bestellung aufgibst. Deshalb dauert es etwas l\u00e4nger, bis wir es dir liefern k\u00f6nnen. Die Herstellung von Produkten nach Bedarf statt in gro\u00dfen Mengen tr\u00e4gt dazu bei, die \u00dcberproduktion zu reduzieren. Danke also, dass du deine Kaufentscheidungen mit Bedacht triffst!<\/p>\n","protected":false},"excerpt":{"rendered":"<p>Yo, Leute! \ud83c\udf44 Tauche ein in eine Welt, in der Fantasie und Stra\u00dfenfeeling aufeinandertreffen &#8211; mit unserem &#8222;Mushroom World&#8220;-T-Shirt. Dieses T-Shirt ist kein gew\u00f6hnliches Grafik-T-Shirt &#8211; es ist eine Reise in ein lebendiges, flippiges Fantasieland. Wenn du dieses Hemd tr\u00e4gst, kannst du dich auf eine \u00c4sthetik einlassen, die sowohl au\u00dferweltlich als auch total urban ist. [&hellip;]<\/p>\n","protected":false},"featured_media":2857,"template":"","meta":{"inline_featured_image":false,"site-sidebar-layout":"default","site-content-layout":"","ast-site-content-layout":"default","site-content-style":"default","site-sidebar-style":"default","ast-global-header-display":"","ast-banner-title-visibility":"","ast-main-header-display":"","ast-hfb-above-header-display":"","ast-hfb-below-header-display":"","ast-hfb-mobile-header-display":"","site-post-title":"","ast-breadcrumbs-content":"","ast-featured-img":"","footer-sml-layout":"","ast-disable-related-posts":"","theme-transparent-header-meta":"default","adv-header-id-meta":"","stick-header-meta":"","header-above-stick-meta":"","header-main-stick-meta":"","header-below-stick-meta":"","astra-migrate-meta-layouts":"default","ast-page-background-enabled":"default","ast-page-background-meta":{"desktop":{"background-color":"var(--ast-global-color-4)","background-image":"","background-repeat":"repeat","background-position":"center center","background-size":"auto","background-attachment":"scroll","background-type":"","background-media":"","overlay-type":"","overlay-color":"","overlay-opacity":"","overlay-gradient":""},"tablet":{"background-color":"","background-image":"","background-repeat":"repeat","background-position":"center center","background-size":"auto","background-attachment":"scroll","background-type":"","background-media":"","overlay-type":"","overlay-color":"","overlay-opacity":"","overlay-gradient":""},"mobile":{"background-color":"","background-image":"","background-repeat":"repeat","background-position":"center center","background-size":"auto","background-attachment":"scroll","background-type":"","background-media":"","overlay-type":"","overlay-color":"","overlay-opacity":"","overlay-gradient":""}},"ast-content-background-meta":{"desktop":{"background-color":"var(--ast-global-color-5)","background-image":"","background-repeat":"repeat","background-position":"center center","background-size":"auto","background-attachment":"scroll","background-type":"","background-media":"","overlay-type":"","overlay-color":"","overlay-opacity":"","overlay-gradient":""},"tablet":{"background-color":"var(--ast-global-color-5)","background-image":"","background-repeat":"repeat","background-position":"center center","background-size":"auto","background-attachment":"scroll","background-type":"","background-media":"","overlay-type":"","overlay-color":"","overlay-opacity":"","overlay-gradient":""},"mobile":{"background-color":"var(--ast-global-color-5)","background-image":"","background-repeat":"repeat","background-position":"center center","background-size":"auto","background-attachment":"scroll","background-type":"","background-media":"","overlay-type":"","overlay-color":"","overlay-opacity":"","overlay-gradient":""}}},"product_brand":[],"product_cat":[210,213,239],"product_tag":[136],"class_list":{"0":"post-8429","1":"product","2":"type-product","3":"status-publish","4":"has-post-thumbnail","6":"product_cat-maenner","7":"product_cat-oberteile","8":"product_cat-t-shirts-de","9":"product_tag-startslider-de","10":"pa_color-berry-de","11":"pa_color-black-heather-de","12":"pa_size-s","13":"pa_size-m","14":"pa_size-l","15":"pa_size-xl","16":"pa_size-2xl","17":"desktop-align-left","18":"tablet-align-left","19":"mobile-align-left","21":"first","22":"instock","23":"taxable","24":"shipping-taxable","25":"purchasable","26":"product-type-variable"},"yoast_head":"<!-- This site is optimized with the Yoast SEO plugin v27.0 - https:\/\/yoast.com\/product\/yoast-seo-wordpress\/ -->\n<title>Mushroom world T-Shirt - Urbanopticon - Urban Shirts for urban people<\/title>\n<meta name=\"robots\" content=\"index, follow, max-snippet:-1, max-image-preview:large, max-video-preview:-1\" \/>\n<link rel=\"canonical\" href=\"https:\/\/urbanopticon.com\/de\/produkt\/mushroom-world-t-shirt\/\" \/>\n<meta property=\"og:locale\" content=\"de_DE\" \/>\n<meta property=\"og:type\" content=\"article\" \/>\n<meta property=\"og:title\" content=\"Mushroom world T-Shirt - Urbanopticon - Urban Shirts for urban people\" \/>\n<meta property=\"og:description\" content=\"Yo, Leute! \ud83c\udf44 Tauche ein in eine Welt, in der Fantasie und Stra\u00dfenfeeling aufeinandertreffen &#8211; mit unserem &#8222;Mushroom World&#8220;-T-Shirt. Dieses T-Shirt ist kein gew\u00f6hnliches Grafik-T-Shirt &#8211; es ist eine Reise in ein lebendiges, flippiges Fantasieland. Wenn du dieses Hemd tr\u00e4gst, kannst du dich auf eine \u00c4sthetik einlassen, die sowohl au\u00dferweltlich als auch total urban ist. [&hellip;]\" \/>\n<meta property=\"og:url\" content=\"https:\/\/urbanopticon.com\/de\/produkt\/mushroom-world-t-shirt\/\" \/>\n<meta property=\"og:site_name\" content=\"Urbanopticon - Urban Shirts for urban people\" \/>\n<meta property=\"article:modified_time\" content=\"2023-11-06T09:01:44+00:00\" \/>\n<meta property=\"og:image\" content=\"https:\/\/urbanopticon.com\/wp-content\/uploads\/2023\/10\/unisex-staple-t-shirt-berry-front-652cf15eb4c9b.jpg\" \/>\n\t<meta property=\"og:image:width\" content=\"2000\" \/>\n\t<meta property=\"og:image:height\" content=\"2000\" \/>\n\t<meta property=\"og:image:type\" content=\"image\/jpeg\" \/>\n<meta name=\"twitter:card\" content=\"summary_large_image\" \/>\n<meta name=\"twitter:label1\" content=\"Gesch\u00e4tzte Lesezeit\" \/>\n\t<meta name=\"twitter:data1\" content=\"2\u00a0Minuten\" \/>\n<script type=\"application\/ld+json\" class=\"yoast-schema-graph\">{\"@context\":\"https:\/\/schema.org\",\"@graph\":[{\"@type\":\"WebPage\",\"@id\":\"https:\/\/urbanopticon.com\/de\/produkt\/mushroom-world-t-shirt\/\",\"url\":\"https:\/\/urbanopticon.com\/de\/produkt\/mushroom-world-t-shirt\/\",\"name\":\"Mushroom world T-Shirt - Urbanopticon - Urban Shirts for urban people\",\"isPartOf\":{\"@id\":\"https:\/\/urbanopticon.com\/de\/#website\"},\"primaryImageOfPage\":{\"@id\":\"https:\/\/urbanopticon.com\/de\/produkt\/mushroom-world-t-shirt\/#primaryimage\"},\"image\":{\"@id\":\"https:\/\/urbanopticon.com\/de\/produkt\/mushroom-world-t-shirt\/#primaryimage\"},\"thumbnailUrl\":\"https:\/\/urbanopticon.com\/wp-content\/uploads\/2023\/10\/unisex-staple-t-shirt-berry-front-652cf15eb4c9b.jpg\",\"datePublished\":\"2023-10-16T08:16:46+00:00\",\"dateModified\":\"2023-11-06T09:01:44+00:00\",\"breadcrumb\":{\"@id\":\"https:\/\/urbanopticon.com\/de\/produkt\/mushroom-world-t-shirt\/#breadcrumb\"},\"inLanguage\":\"de\",\"potentialAction\":[{\"@type\":\"ReadAction\",\"target\":[\"https:\/\/urbanopticon.com\/de\/produkt\/mushroom-world-t-shirt\/\"]}]},{\"@type\":\"ImageObject\",\"inLanguage\":\"de\",\"@id\":\"https:\/\/urbanopticon.com\/de\/produkt\/mushroom-world-t-shirt\/#primaryimage\",\"url\":\"https:\/\/urbanopticon.com\/wp-content\/uploads\/2023\/10\/unisex-staple-t-shirt-berry-front-652cf15eb4c9b.jpg\",\"contentUrl\":\"https:\/\/urbanopticon.com\/wp-content\/uploads\/2023\/10\/unisex-staple-t-shirt-berry-front-652cf15eb4c9b.jpg\",\"width\":2000,\"height\":2000},{\"@type\":\"BreadcrumbList\",\"@id\":\"https:\/\/urbanopticon.com\/de\/produkt\/mushroom-world-t-shirt\/#breadcrumb\",\"itemListElement\":[{\"@type\":\"ListItem\",\"position\":1,\"name\":\"Startseite\",\"item\":\"https:\/\/urbanopticon.com\/de\/\"},{\"@type\":\"ListItem\",\"position\":2,\"name\":\"Shop\",\"item\":\"https:\/\/urbanopticon.com\/shop\/\"},{\"@type\":\"ListItem\",\"position\":3,\"name\":\"Mushroom world T-Shirt\"}]},{\"@type\":\"WebSite\",\"@id\":\"https:\/\/urbanopticon.com\/de\/#website\",\"url\":\"https:\/\/urbanopticon.com\/de\/\",\"name\":\"Urbanopticon - Urban Shirts for urban people\",\"description\":\"\",\"publisher\":{\"@id\":\"https:\/\/urbanopticon.com\/de\/#organization\"},\"potentialAction\":[{\"@type\":\"SearchAction\",\"target\":{\"@type\":\"EntryPoint\",\"urlTemplate\":\"https:\/\/urbanopticon.com\/de\/?s={search_term_string}\"},\"query-input\":{\"@type\":\"PropertyValueSpecification\",\"valueRequired\":true,\"valueName\":\"search_term_string\"}}],\"inLanguage\":\"de\"},{\"@type\":\"Organization\",\"@id\":\"https:\/\/urbanopticon.com\/de\/#organization\",\"name\":\"Urbanopticon - Urban Shirts for urban people\",\"url\":\"https:\/\/urbanopticon.com\/de\/\",\"logo\":{\"@type\":\"ImageObject\",\"inLanguage\":\"de\",\"@id\":\"https:\/\/urbanopticon.com\/de\/#\/schema\/logo\/image\/\",\"url\":\"https:\/\/urbanopticon.com\/wp-content\/uploads\/2022\/05\/logo-new.png\",\"contentUrl\":\"https:\/\/urbanopticon.com\/wp-content\/uploads\/2022\/05\/logo-new.png\",\"width\":587,\"height\":304,\"caption\":\"Urbanopticon - Urban Shirts for urban people\"},\"image\":{\"@id\":\"https:\/\/urbanopticon.com\/de\/#\/schema\/logo\/image\/\"}}]}<\/script>\n<!-- \/ Yoast SEO plugin. -->","yoast_head_json":{"title":"Mushroom world T-Shirt - Urbanopticon - Urban Shirts for urban people","robots":{"index":"index","follow":"follow","max-snippet":"max-snippet:-1","max-image-preview":"max-image-preview:large","max-video-preview":"max-video-preview:-1"},"canonical":"https:\/\/urbanopticon.com\/de\/produkt\/mushroom-world-t-shirt\/","og_locale":"de_DE","og_type":"article","og_title":"Mushroom world T-Shirt - Urbanopticon - Urban Shirts for urban people","og_description":"Yo, Leute! \ud83c\udf44 Tauche ein in eine Welt, in der Fantasie und Stra\u00dfenfeeling aufeinandertreffen &#8211; mit unserem &#8222;Mushroom World&#8220;-T-Shirt. Dieses T-Shirt ist kein gew\u00f6hnliches Grafik-T-Shirt &#8211; es ist eine Reise in ein lebendiges, flippiges Fantasieland. Wenn du dieses Hemd tr\u00e4gst, kannst du dich auf eine \u00c4sthetik einlassen, die sowohl au\u00dferweltlich als auch total urban ist. [&hellip;]","og_url":"https:\/\/urbanopticon.com\/de\/produkt\/mushroom-world-t-shirt\/","og_site_name":"Urbanopticon - Urban Shirts for urban people","article_modified_time":"2023-11-06T09:01:44+00:00","og_image":[{"width":2000,"height":2000,"url":"https:\/\/urbanopticon.com\/wp-content\/uploads\/2023\/10\/unisex-staple-t-shirt-berry-front-652cf15eb4c9b.jpg","type":"image\/jpeg"}],"twitter_card":"summary_large_image","twitter_misc":{"Gesch\u00e4tzte Lesezeit":"2\u00a0Minuten"},"schema":{"@context":"https:\/\/schema.org","@graph":[{"@type":"WebPage","@id":"https:\/\/urbanopticon.com\/de\/produkt\/mushroom-world-t-shirt\/","url":"https:\/\/urbanopticon.com\/de\/produkt\/mushroom-world-t-shirt\/","name":"Mushroom world T-Shirt - Urbanopticon - Urban Shirts for urban people","isPartOf":{"@id":"https:\/\/urbanopticon.com\/de\/#website"},"primaryImageOfPage":{"@id":"https:\/\/urbanopticon.com\/de\/produkt\/mushroom-world-t-shirt\/#primaryimage"},"image":{"@id":"https:\/\/urbanopticon.com\/de\/produkt\/mushroom-world-t-shirt\/#primaryimage"},"thumbnailUrl":"https:\/\/urbanopticon.com\/wp-content\/uploads\/2023\/10\/unisex-staple-t-shirt-berry-front-652cf15eb4c9b.jpg","datePublished":"2023-10-16T08:16:46+00:00","dateModified":"2023-11-06T09:01:44+00:00","breadcrumb":{"@id":"https:\/\/urbanopticon.com\/de\/produkt\/mushroom-world-t-shirt\/#breadcrumb"},"inLanguage":"de","potentialAction":[{"@type":"ReadAction","target":["https:\/\/urbanopticon.com\/de\/produkt\/mushroom-world-t-shirt\/"]}]},{"@type":"ImageObject","inLanguage":"de","@id":"https:\/\/urbanopticon.com\/de\/produkt\/mushroom-world-t-shirt\/#primaryimage","url":"https:\/\/urbanopticon.com\/wp-content\/uploads\/2023\/10\/unisex-staple-t-shirt-berry-front-652cf15eb4c9b.jpg","contentUrl":"https:\/\/urbanopticon.com\/wp-content\/uploads\/2023\/10\/unisex-staple-t-shirt-berry-front-652cf15eb4c9b.jpg","width":2000,"height":2000},{"@type":"BreadcrumbList","@id":"https:\/\/urbanopticon.com\/de\/produkt\/mushroom-world-t-shirt\/#breadcrumb","itemListElement":[{"@type":"ListItem","position":1,"name":"Startseite","item":"https:\/\/urbanopticon.com\/de\/"},{"@type":"ListItem","position":2,"name":"Shop","item":"https:\/\/urbanopticon.com\/shop\/"},{"@type":"ListItem","position":3,"name":"Mushroom world T-Shirt"}]},{"@type":"WebSite","@id":"https:\/\/urbanopticon.com\/de\/#website","url":"https:\/\/urbanopticon.com\/de\/","name":"Urbanopticon - Urban Shirts for urban people","description":"","publisher":{"@id":"https:\/\/urbanopticon.com\/de\/#organization"},"potentialAction":[{"@type":"SearchAction","target":{"@type":"EntryPoint","urlTemplate":"https:\/\/urbanopticon.com\/de\/?s={search_term_string}"},"query-input":{"@type":"PropertyValueSpecification","valueRequired":true,"valueName":"search_term_string"}}],"inLanguage":"de"},{"@type":"Organization","@id":"https:\/\/urbanopticon.com\/de\/#organization","name":"Urbanopticon - Urban Shirts for urban people","url":"https:\/\/urbanopticon.com\/de\/","logo":{"@type":"ImageObject","inLanguage":"de","@id":"https:\/\/urbanopticon.com\/de\/#\/schema\/logo\/image\/","url":"https:\/\/urbanopticon.com\/wp-content\/uploads\/2022\/05\/logo-new.png","contentUrl":"https:\/\/urbanopticon.com\/wp-content\/uploads\/2022\/05\/logo-new.png","width":587,"height":304,"caption":"Urbanopticon - Urban Shirts for urban people"},"image":{"@id":"https:\/\/urbanopticon.com\/de\/#\/schema\/logo\/image\/"}}]}},"_links":{"self":[{"href":"https:\/\/urbanopticon.com\/de\/wp-json\/wp\/v2\/product\/8429","targetHints":{"allow":["GET"]}}],"collection":[{"href":"https:\/\/urbanopticon.com\/de\/wp-json\/wp\/v2\/product"}],"about":[{"href":"https:\/\/urbanopticon.com\/de\/wp-json\/wp\/v2\/types\/product"}],"wp:featuredmedia":[{"embeddable":true,"href":"https:\/\/urbanopticon.com\/de\/wp-json\/wp\/v2\/media\/2857"}],"wp:attachment":[{"href":"https:\/\/urbanopticon.com\/de\/wp-json\/wp\/v2\/media?parent=8429"}],"wp:term":[{"taxonomy":"product_brand","embeddable":true,"href":"https:\/\/urbanopticon.com\/de\/wp-json\/wp\/v2\/product_brand?post=8429"},{"taxonomy":"product_cat","embeddable":true,"href":"https:\/\/urbanopticon.com\/de\/wp-json\/wp\/v2\/product_cat?post=8429"},{"taxonomy":"product_tag","embeddable":true,"href":"https:\/\/urbanopticon.com\/de\/wp-json\/wp\/v2\/product_tag?post=8429"}],"curies":[{"name":"wp","href":"https:\/\/api.w.org\/{rel}","templated":true}]}}