{"id":8465,"date":"2023-10-12T11:07:51","date_gmt":"2023-10-12T09:07:51","guid":{"rendered":"https:\/\/urbanopticon.com\/product\/ueberall-gruene-zwerge\/"},"modified":"2023-11-06T10:06:51","modified_gmt":"2023-11-06T09:06:51","slug":"green-gnomes-all-over","status":"publish","type":"product","link":"https:\/\/urbanopticon.com\/de\/produkt\/green-gnomes-all-over\/","title":{"rendered":"Green gnomes all over"},"content":{"rendered":"<p>Erlebe Mode wie nie zuvor mit dem Bekleidungsshop von Urbanopticon, wo Streetwear auf Innovation trifft. Wir sind stolz auf unser von Graffiti inspiriertes Shirt, das die skurrile Welt der Zwerge in einem Meer aus Gr\u00fcn zum Leben erweckt. Das ist nicht nur ein weiteres Kleidungsst\u00fcck, sondern ein Statement.<\/p>\n<p>Jeder Zentimeter dieses Shirts mit seinem verschlungenen Gnom-Muster schreit nach Urbanwear-Eleganz. Es ist ideal f\u00fcr alle, die den Spagat zwischen verspielt und ausgefallen schaffen wollen, und ist ein Beweis f\u00fcr unser Engagement, erstklassige Grafik-T-Shirts zu liefern.<\/p>\n<p>Warum also warten? Tauche ein in die einzigartige Mischung aus Stil und Komfort, die nur unser Hemdenladen bieten kann. Egal, ob du Streetwear liebst oder einfach nur deine Garderobe mit urbanem Flair aufpeppen willst, dieses Shirt von Urbanopticon mit dem Gnom-Motiv ist die perfekte Wahl.<\/p>\n<p>Nimm den Trend an, falle auf und lass deine Mode sprechen!<\/p>\n<p>Lerne dein neues Lieblingsshirt kennen &#8211; es ist superweich, superbequem und besteht aus einem Polyester-Jersey mit Baumwollanteil, der nach dem Waschen nicht ausbleicht.<\/p>\n<p>&#8211; 95% Polyester, 5% Elastan (die Stoffzusammensetzung kann um 1% variieren)<br \/>\n&#8211; Hochwertiges, mittelschweres Trikot<br \/>\n&#8211; Vier-Wege-Stretch-Stoff, der sich in Quer- und L\u00e4ngsrichtung dehnt und erholt<br \/>\n&#8211; Normale Passform<br \/>\n&#8211; Blanko-Produktkomponenten in den USA und Mexiko, die aus den USA bezogen werden<br \/>\n&#8211; Leere Produktkomponenten in der EU, die aus Litauen stammen<\/p>\n<p>Dieses Produkt wird speziell f\u00fcr dich hergestellt, sobald du eine Bestellung aufgibst. Deshalb dauert es etwas l\u00e4nger, bis wir es dir liefern k\u00f6nnen. Die Herstellung von Produkten nach Bedarf statt in gro\u00dfen Mengen tr\u00e4gt dazu bei, die \u00dcberproduktion zu reduzieren. Danke also, dass du deine Kaufentscheidungen mit Bedacht triffst!<\/p>\n","protected":false},"excerpt":{"rendered":"<p>Finde das Land der Zwerge mit diesem leuchtend gr\u00fcnen Shirt! Ein auff\u00e4lliges Muster, das ein Garten voller Stil ist, perfekt f\u00fcr urbane Entdecker.<\/p>\n","protected":false},"featured_media":569,"template":"","meta":{"inline_featured_image":false,"site-sidebar-layout":"default","site-content-layout":"","ast-site-content-layout":"default","site-content-style":"default","site-sidebar-style":"default","ast-global-header-display":"","ast-banner-title-visibility":"","ast-main-header-display":"","ast-hfb-above-header-display":"","ast-hfb-below-header-display":"","ast-hfb-mobile-header-display":"","site-post-title":"","ast-breadcrumbs-content":"","ast-featured-img":"","footer-sml-layout":"","ast-disable-related-posts":"","theme-transparent-header-meta":"default","adv-header-id-meta":"","stick-header-meta":"","header-above-stick-meta":"","header-main-stick-meta":"","header-below-stick-meta":"","astra-migrate-meta-layouts":"default","ast-page-background-enabled":"default","ast-page-background-meta":{"desktop":{"background-color":"var(--ast-global-color-4)","background-image":"","background-repeat":"repeat","background-position":"center center","background-size":"auto","background-attachment":"scroll","background-type":"","background-media":"","overlay-type":"","overlay-color":"","overlay-opacity":"","overlay-gradient":""},"tablet":{"background-color":"","background-image":"","background-repeat":"repeat","background-position":"center center","background-size":"auto","background-attachment":"scroll","background-type":"","background-media":"","overlay-type":"","overlay-color":"","overlay-opacity":"","overlay-gradient":""},"mobile":{"background-color":"","background-image":"","background-repeat":"repeat","background-position":"center center","background-size":"auto","background-attachment":"scroll","background-type":"","background-media":"","overlay-type":"","overlay-color":"","overlay-opacity":"","overlay-gradient":""}},"ast-content-background-meta":{"desktop":{"background-color":"var(--ast-global-color-5)","background-image":"","background-repeat":"repeat","background-position":"center center","background-size":"auto","background-attachment":"scroll","background-type":"","background-media":"","overlay-type":"","overlay-color":"","overlay-opacity":"","overlay-gradient":""},"tablet":{"background-color":"var(--ast-global-color-5)","background-image":"","background-repeat":"repeat","background-position":"center center","background-size":"auto","background-attachment":"scroll","background-type":"","background-media":"","overlay-type":"","overlay-color":"","overlay-opacity":"","overlay-gradient":""},"mobile":{"background-color":"var(--ast-global-color-5)","background-image":"","background-repeat":"repeat","background-position":"center center","background-size":"auto","background-attachment":"scroll","background-type":"","background-media":"","overlay-type":"","overlay-color":"","overlay-opacity":"","overlay-gradient":""}}},"product_brand":[],"product_cat":[210,213,239],"product_tag":[270],"class_list":{"0":"post-8465","1":"product","2":"type-product","3":"status-publish","4":"has-post-thumbnail","6":"product_cat-maenner","7":"product_cat-oberteile","8":"product_cat-t-shirts-de","9":"product_tag-allover-de","10":"pa_color-black-de","11":"pa_size-s","12":"pa_size-m","13":"pa_size-l","14":"pa_size-xl","15":"pa_size-2xl","16":"desktop-align-left","17":"tablet-align-left","18":"mobile-align-left","20":"first","21":"instock","22":"taxable","23":"shipping-taxable","24":"purchasable","25":"product-type-variable"},"yoast_head":"<!-- This site is optimized with the Yoast SEO plugin v27.0 - https:\/\/yoast.com\/product\/yoast-seo-wordpress\/ -->\n<title>Green gnomes all over - Urbanopticon - Urban Shirts for urban people<\/title>\n<meta name=\"robots\" content=\"index, follow, max-snippet:-1, max-image-preview:large, max-video-preview:-1\" \/>\n<link rel=\"canonical\" href=\"https:\/\/urbanopticon.com\/de\/produkt\/green-gnomes-all-over\/\" \/>\n<meta property=\"og:locale\" content=\"de_DE\" \/>\n<meta property=\"og:type\" content=\"article\" \/>\n<meta property=\"og:title\" content=\"Green gnomes all over - Urbanopticon - Urban Shirts for urban people\" \/>\n<meta property=\"og:description\" content=\"Finde das Land der Zwerge mit diesem leuchtend gr\u00fcnen Shirt! Ein auff\u00e4lliges Muster, das ein Garten voller Stil ist, perfekt f\u00fcr urbane Entdecker.\" \/>\n<meta property=\"og:url\" content=\"https:\/\/urbanopticon.com\/de\/produkt\/green-gnomes-all-over\/\" \/>\n<meta property=\"og:site_name\" content=\"Urbanopticon - Urban Shirts for urban people\" \/>\n<meta property=\"article:modified_time\" content=\"2023-11-06T09:06:51+00:00\" \/>\n<meta property=\"og:image\" content=\"https:\/\/urbanopticon.com\/wp-content\/uploads\/2023\/10\/all-over-print-mens-crew-neck-t-shirt-white-front-6527b75a1eb40.jpg\" \/>\n\t<meta property=\"og:image:width\" content=\"1000\" \/>\n\t<meta property=\"og:image:height\" content=\"1000\" \/>\n\t<meta property=\"og:image:type\" content=\"image\/jpeg\" \/>\n<meta name=\"twitter:card\" content=\"summary_large_image\" \/>\n<meta name=\"twitter:label1\" content=\"Gesch\u00e4tzte Lesezeit\" \/>\n\t<meta name=\"twitter:data1\" content=\"1\u00a0Minute\" \/>\n<script type=\"application\/ld+json\" class=\"yoast-schema-graph\">{\"@context\":\"https:\/\/schema.org\",\"@graph\":[{\"@type\":\"WebPage\",\"@id\":\"https:\/\/urbanopticon.com\/de\/produkt\/green-gnomes-all-over\/\",\"url\":\"https:\/\/urbanopticon.com\/de\/produkt\/green-gnomes-all-over\/\",\"name\":\"Green gnomes all over - Urbanopticon - Urban Shirts for urban people\",\"isPartOf\":{\"@id\":\"https:\/\/urbanopticon.com\/de\/#website\"},\"primaryImageOfPage\":{\"@id\":\"https:\/\/urbanopticon.com\/de\/produkt\/green-gnomes-all-over\/#primaryimage\"},\"image\":{\"@id\":\"https:\/\/urbanopticon.com\/de\/produkt\/green-gnomes-all-over\/#primaryimage\"},\"thumbnailUrl\":\"https:\/\/urbanopticon.com\/wp-content\/uploads\/2023\/10\/all-over-print-mens-crew-neck-t-shirt-white-front-6527b75a1eb40.jpg\",\"datePublished\":\"2023-10-12T09:07:51+00:00\",\"dateModified\":\"2023-11-06T09:06:51+00:00\",\"breadcrumb\":{\"@id\":\"https:\/\/urbanopticon.com\/de\/produkt\/green-gnomes-all-over\/#breadcrumb\"},\"inLanguage\":\"de\",\"potentialAction\":[{\"@type\":\"ReadAction\",\"target\":[\"https:\/\/urbanopticon.com\/de\/produkt\/green-gnomes-all-over\/\"]}]},{\"@type\":\"ImageObject\",\"inLanguage\":\"de\",\"@id\":\"https:\/\/urbanopticon.com\/de\/produkt\/green-gnomes-all-over\/#primaryimage\",\"url\":\"https:\/\/urbanopticon.com\/wp-content\/uploads\/2023\/10\/all-over-print-mens-crew-neck-t-shirt-white-front-6527b75a1eb40.jpg\",\"contentUrl\":\"https:\/\/urbanopticon.com\/wp-content\/uploads\/2023\/10\/all-over-print-mens-crew-neck-t-shirt-white-front-6527b75a1eb40.jpg\",\"width\":1000,\"height\":1000},{\"@type\":\"BreadcrumbList\",\"@id\":\"https:\/\/urbanopticon.com\/de\/produkt\/green-gnomes-all-over\/#breadcrumb\",\"itemListElement\":[{\"@type\":\"ListItem\",\"position\":1,\"name\":\"Startseite\",\"item\":\"https:\/\/urbanopticon.com\/de\/\"},{\"@type\":\"ListItem\",\"position\":2,\"name\":\"Shop\",\"item\":\"https:\/\/urbanopticon.com\/shop\/\"},{\"@type\":\"ListItem\",\"position\":3,\"name\":\"Green gnomes all over\"}]},{\"@type\":\"WebSite\",\"@id\":\"https:\/\/urbanopticon.com\/de\/#website\",\"url\":\"https:\/\/urbanopticon.com\/de\/\",\"name\":\"Urbanopticon - Urban Shirts for urban people\",\"description\":\"\",\"publisher\":{\"@id\":\"https:\/\/urbanopticon.com\/de\/#organization\"},\"potentialAction\":[{\"@type\":\"SearchAction\",\"target\":{\"@type\":\"EntryPoint\",\"urlTemplate\":\"https:\/\/urbanopticon.com\/de\/?s={search_term_string}\"},\"query-input\":{\"@type\":\"PropertyValueSpecification\",\"valueRequired\":true,\"valueName\":\"search_term_string\"}}],\"inLanguage\":\"de\"},{\"@type\":\"Organization\",\"@id\":\"https:\/\/urbanopticon.com\/de\/#organization\",\"name\":\"Urbanopticon - Urban Shirts for urban people\",\"url\":\"https:\/\/urbanopticon.com\/de\/\",\"logo\":{\"@type\":\"ImageObject\",\"inLanguage\":\"de\",\"@id\":\"https:\/\/urbanopticon.com\/de\/#\/schema\/logo\/image\/\",\"url\":\"https:\/\/urbanopticon.com\/wp-content\/uploads\/2022\/05\/logo-new.png\",\"contentUrl\":\"https:\/\/urbanopticon.com\/wp-content\/uploads\/2022\/05\/logo-new.png\",\"width\":587,\"height\":304,\"caption\":\"Urbanopticon - Urban Shirts for urban people\"},\"image\":{\"@id\":\"https:\/\/urbanopticon.com\/de\/#\/schema\/logo\/image\/\"}}]}<\/script>\n<!-- \/ Yoast SEO plugin. -->","yoast_head_json":{"title":"Green gnomes all over - Urbanopticon - Urban Shirts for urban people","robots":{"index":"index","follow":"follow","max-snippet":"max-snippet:-1","max-image-preview":"max-image-preview:large","max-video-preview":"max-video-preview:-1"},"canonical":"https:\/\/urbanopticon.com\/de\/produkt\/green-gnomes-all-over\/","og_locale":"de_DE","og_type":"article","og_title":"Green gnomes all over - Urbanopticon - Urban Shirts for urban people","og_description":"Finde das Land der Zwerge mit diesem leuchtend gr\u00fcnen Shirt! Ein auff\u00e4lliges Muster, das ein Garten voller Stil ist, perfekt f\u00fcr urbane Entdecker.","og_url":"https:\/\/urbanopticon.com\/de\/produkt\/green-gnomes-all-over\/","og_site_name":"Urbanopticon - Urban Shirts for urban people","article_modified_time":"2023-11-06T09:06:51+00:00","og_image":[{"width":1000,"height":1000,"url":"https:\/\/urbanopticon.com\/wp-content\/uploads\/2023\/10\/all-over-print-mens-crew-neck-t-shirt-white-front-6527b75a1eb40.jpg","type":"image\/jpeg"}],"twitter_card":"summary_large_image","twitter_misc":{"Gesch\u00e4tzte Lesezeit":"1\u00a0Minute"},"schema":{"@context":"https:\/\/schema.org","@graph":[{"@type":"WebPage","@id":"https:\/\/urbanopticon.com\/de\/produkt\/green-gnomes-all-over\/","url":"https:\/\/urbanopticon.com\/de\/produkt\/green-gnomes-all-over\/","name":"Green gnomes all over - Urbanopticon - Urban Shirts for urban people","isPartOf":{"@id":"https:\/\/urbanopticon.com\/de\/#website"},"primaryImageOfPage":{"@id":"https:\/\/urbanopticon.com\/de\/produkt\/green-gnomes-all-over\/#primaryimage"},"image":{"@id":"https:\/\/urbanopticon.com\/de\/produkt\/green-gnomes-all-over\/#primaryimage"},"thumbnailUrl":"https:\/\/urbanopticon.com\/wp-content\/uploads\/2023\/10\/all-over-print-mens-crew-neck-t-shirt-white-front-6527b75a1eb40.jpg","datePublished":"2023-10-12T09:07:51+00:00","dateModified":"2023-11-06T09:06:51+00:00","breadcrumb":{"@id":"https:\/\/urbanopticon.com\/de\/produkt\/green-gnomes-all-over\/#breadcrumb"},"inLanguage":"de","potentialAction":[{"@type":"ReadAction","target":["https:\/\/urbanopticon.com\/de\/produkt\/green-gnomes-all-over\/"]}]},{"@type":"ImageObject","inLanguage":"de","@id":"https:\/\/urbanopticon.com\/de\/produkt\/green-gnomes-all-over\/#primaryimage","url":"https:\/\/urbanopticon.com\/wp-content\/uploads\/2023\/10\/all-over-print-mens-crew-neck-t-shirt-white-front-6527b75a1eb40.jpg","contentUrl":"https:\/\/urbanopticon.com\/wp-content\/uploads\/2023\/10\/all-over-print-mens-crew-neck-t-shirt-white-front-6527b75a1eb40.jpg","width":1000,"height":1000},{"@type":"BreadcrumbList","@id":"https:\/\/urbanopticon.com\/de\/produkt\/green-gnomes-all-over\/#breadcrumb","itemListElement":[{"@type":"ListItem","position":1,"name":"Startseite","item":"https:\/\/urbanopticon.com\/de\/"},{"@type":"ListItem","position":2,"name":"Shop","item":"https:\/\/urbanopticon.com\/shop\/"},{"@type":"ListItem","position":3,"name":"Green gnomes all over"}]},{"@type":"WebSite","@id":"https:\/\/urbanopticon.com\/de\/#website","url":"https:\/\/urbanopticon.com\/de\/","name":"Urbanopticon - Urban Shirts for urban people","description":"","publisher":{"@id":"https:\/\/urbanopticon.com\/de\/#organization"},"potentialAction":[{"@type":"SearchAction","target":{"@type":"EntryPoint","urlTemplate":"https:\/\/urbanopticon.com\/de\/?s={search_term_string}"},"query-input":{"@type":"PropertyValueSpecification","valueRequired":true,"valueName":"search_term_string"}}],"inLanguage":"de"},{"@type":"Organization","@id":"https:\/\/urbanopticon.com\/de\/#organization","name":"Urbanopticon - Urban Shirts for urban people","url":"https:\/\/urbanopticon.com\/de\/","logo":{"@type":"ImageObject","inLanguage":"de","@id":"https:\/\/urbanopticon.com\/de\/#\/schema\/logo\/image\/","url":"https:\/\/urbanopticon.com\/wp-content\/uploads\/2022\/05\/logo-new.png","contentUrl":"https:\/\/urbanopticon.com\/wp-content\/uploads\/2022\/05\/logo-new.png","width":587,"height":304,"caption":"Urbanopticon - Urban Shirts for urban people"},"image":{"@id":"https:\/\/urbanopticon.com\/de\/#\/schema\/logo\/image\/"}}]}},"_links":{"self":[{"href":"https:\/\/urbanopticon.com\/de\/wp-json\/wp\/v2\/product\/8465","targetHints":{"allow":["GET"]}}],"collection":[{"href":"https:\/\/urbanopticon.com\/de\/wp-json\/wp\/v2\/product"}],"about":[{"href":"https:\/\/urbanopticon.com\/de\/wp-json\/wp\/v2\/types\/product"}],"wp:featuredmedia":[{"embeddable":true,"href":"https:\/\/urbanopticon.com\/de\/wp-json\/wp\/v2\/media\/569"}],"wp:attachment":[{"href":"https:\/\/urbanopticon.com\/de\/wp-json\/wp\/v2\/media?parent=8465"}],"wp:term":[{"taxonomy":"product_brand","embeddable":true,"href":"https:\/\/urbanopticon.com\/de\/wp-json\/wp\/v2\/product_brand?post=8465"},{"taxonomy":"product_cat","embeddable":true,"href":"https:\/\/urbanopticon.com\/de\/wp-json\/wp\/v2\/product_cat?post=8465"},{"taxonomy":"product_tag","embeddable":true,"href":"https:\/\/urbanopticon.com\/de\/wp-json\/wp\/v2\/product_tag?post=8465"}],"curies":[{"name":"wp","href":"https:\/\/api.w.org\/{rel}","templated":true}]}}