{"id":8653,"date":"2023-10-16T10:10:05","date_gmt":"2023-10-16T08:10:05","guid":{"rendered":"https:\/\/urbanopticon.com\/product\/gangster-hamster-t-shirt\/"},"modified":"2023-11-06T10:04:22","modified_gmt":"2023-11-06T09:04:22","slug":"gangster-hamster-t-shirt","status":"publish","type":"product","link":"https:\/\/urbanopticon.com\/de\/produkt\/gangster-hamster-t-shirt\/","title":{"rendered":"Gangster Hamster T-Shirt"},"content":{"rendered":"<p>Das &#8222;Gangster Hamster&#8220;-T-Shirt gibt es exklusiv im Bekleidungsshop von Urbanopticon. Lass den Alltag hinter dir und erlebe die Welt, in der die Stra\u00dfen von diesem pelzigen Don beherrscht werden. Vor einer gl\u00fchenden Kulisse zeigt das Design unseren b\u00e4rtigen Freund in voller Gangster-Pracht, mit Zigarre in der Pfote, der das Leben genie\u00dft.<\/p>\n<p>Das detaillierte Artwork, vom ausdrucksstarken Gesicht des Hamsters bis hin zu den verschlungenen Bl\u00e4ttern, f\u00e4ngt die Essenz der Streetwear ein. Egal, ob du auf der Suche nach Urbanwear oder grafischen T-Shirts bist, dieses Shirt sticht aus der Masse heraus und setzt ein Statement. Mit einer Anspielung auf die Graffiti-Shirt-Kultur bringt dieses Design urbane Vibes gemischt mit Humor zum Ausdruck.<\/p>\n<p>Er ist kein gew\u00f6hnlicher Hamster, er ist der K\u00f6nig der Nagerwelt. Egal, ob du auf der Stra\u00dfe bist oder einfach nur in einem Caf\u00e9 chillst, mit diesem Shirt wirst du zum Gespr\u00e4chspartner. Vergiss nicht, es ist nicht nur ein T-Shirt, es ist ein Vibe, und Urbanopticon sorgt daf\u00fcr, dass du das Beste von ihnen tr\u00e4gst.<\/p>\n<p>Dieses T-Shirt ist alles, wovon du getr\u00e4umt hast und mehr. Es f\u00fchlt sich weich und leicht an, mit dem richtigen Ma\u00df an Stretch. Sie ist bequem und schmeichelhaft f\u00fcr alle.<\/p>\n<p>&#8211; 100% gek\u00e4mmte und ringgesponnene Baumwolle (Heather-Farben enthalten Polyester)<br \/>\n&#8211; Stoffgewicht: 4,2 oz.\/yd.\u00b2 (142 g\/m\u00b2)<br \/>\n&#8211; Vorgeschrumpfter Stoff<br \/>\n&#8211; Seitlich gen\u00e4hte Konstruktion<br \/>\n&#8211; Schulter-zu-Schulter-Gurtung<br \/>\n&#8211; Blanko-Produkte aus Nicaragua, Mexiko, Honduras oder den USA<\/p>\n<p>Dieses Produkt wird speziell f\u00fcr dich hergestellt, sobald du eine Bestellung aufgibst. Deshalb dauert es etwas l\u00e4nger, bis wir es dir liefern k\u00f6nnen. Die Herstellung von Produkten nach Bedarf statt in gro\u00dfen Mengen tr\u00e4gt dazu bei, die \u00dcberproduktion zu reduzieren. Danke also, dass du deine Kaufentscheidungen mit Bedacht triffst!<\/p>\n","protected":false},"excerpt":{"rendered":"<p>Wer ist der Boss? Dieser Hamster, der ist es! Das Leben eines Ganoven, ein Geschoss nach dem anderen.<\/p>\n","protected":false},"featured_media":2548,"template":"","meta":{"inline_featured_image":false,"site-sidebar-layout":"default","site-content-layout":"","ast-site-content-layout":"default","site-content-style":"default","site-sidebar-style":"default","ast-global-header-display":"","ast-banner-title-visibility":"","ast-main-header-display":"","ast-hfb-above-header-display":"","ast-hfb-below-header-display":"","ast-hfb-mobile-header-display":"","site-post-title":"","ast-breadcrumbs-content":"","ast-featured-img":"","footer-sml-layout":"","ast-disable-related-posts":"","theme-transparent-header-meta":"default","adv-header-id-meta":"","stick-header-meta":"","header-above-stick-meta":"","header-main-stick-meta":"","header-below-stick-meta":"","astra-migrate-meta-layouts":"default","ast-page-background-enabled":"default","ast-page-background-meta":{"desktop":{"background-color":"var(--ast-global-color-4)","background-image":"","background-repeat":"repeat","background-position":"center center","background-size":"auto","background-attachment":"scroll","background-type":"","background-media":"","overlay-type":"","overlay-color":"","overlay-opacity":"","overlay-gradient":""},"tablet":{"background-color":"","background-image":"","background-repeat":"repeat","background-position":"center center","background-size":"auto","background-attachment":"scroll","background-type":"","background-media":"","overlay-type":"","overlay-color":"","overlay-opacity":"","overlay-gradient":""},"mobile":{"background-color":"","background-image":"","background-repeat":"repeat","background-position":"center center","background-size":"auto","background-attachment":"scroll","background-type":"","background-media":"","overlay-type":"","overlay-color":"","overlay-opacity":"","overlay-gradient":""}},"ast-content-background-meta":{"desktop":{"background-color":"var(--ast-global-color-5)","background-image":"","background-repeat":"repeat","background-position":"center center","background-size":"auto","background-attachment":"scroll","background-type":"","background-media":"","overlay-type":"","overlay-color":"","overlay-opacity":"","overlay-gradient":""},"tablet":{"background-color":"var(--ast-global-color-5)","background-image":"","background-repeat":"repeat","background-position":"center center","background-size":"auto","background-attachment":"scroll","background-type":"","background-media":"","overlay-type":"","overlay-color":"","overlay-opacity":"","overlay-gradient":""},"mobile":{"background-color":"var(--ast-global-color-5)","background-image":"","background-repeat":"repeat","background-position":"center center","background-size":"auto","background-attachment":"scroll","background-type":"","background-media":"","overlay-type":"","overlay-color":"","overlay-opacity":"","overlay-gradient":""}}},"product_brand":[],"product_cat":[210,213,239],"product_tag":[136],"class_list":{"0":"post-8653","1":"product","2":"type-product","3":"status-publish","4":"has-post-thumbnail","6":"product_cat-maenner","7":"product_cat-oberteile","8":"product_cat-t-shirts-de","9":"product_tag-startslider-de","10":"pa_color-black-de","11":"pa_color-gold-de","12":"pa_color-rot","13":"pa_size-s","14":"pa_size-m","15":"pa_size-l","16":"pa_size-xl","17":"pa_size-2xl","18":"desktop-align-left","19":"tablet-align-left","20":"mobile-align-left","22":"first","23":"instock","24":"taxable","25":"shipping-taxable","26":"purchasable","27":"product-type-variable"},"yoast_head":"<!-- This site is optimized with the Yoast SEO plugin v27.0 - https:\/\/yoast.com\/product\/yoast-seo-wordpress\/ -->\n<title>Gangster Hamster T-Shirt - Urbanopticon - Urban Shirts for urban people<\/title>\n<meta name=\"robots\" content=\"index, follow, max-snippet:-1, max-image-preview:large, max-video-preview:-1\" \/>\n<link rel=\"canonical\" href=\"https:\/\/urbanopticon.com\/de\/produkt\/gangster-hamster-t-shirt\/\" \/>\n<meta property=\"og:locale\" content=\"de_DE\" \/>\n<meta property=\"og:type\" content=\"article\" \/>\n<meta property=\"og:title\" content=\"Gangster Hamster T-Shirt - Urbanopticon - Urban Shirts for urban people\" \/>\n<meta property=\"og:description\" content=\"Wer ist der Boss? Dieser Hamster, der ist es! Das Leben eines Ganoven, ein Geschoss nach dem anderen.\" \/>\n<meta property=\"og:url\" content=\"https:\/\/urbanopticon.com\/de\/produkt\/gangster-hamster-t-shirt\/\" \/>\n<meta property=\"og:site_name\" content=\"Urbanopticon - Urban Shirts for urban people\" \/>\n<meta property=\"article:modified_time\" content=\"2023-11-06T09:04:22+00:00\" \/>\n<meta property=\"og:image\" content=\"https:\/\/urbanopticon.com\/wp-content\/uploads\/2023\/10\/unisex-staple-t-shirt-black-front-652cefb9a966c.jpg\" \/>\n\t<meta property=\"og:image:width\" content=\"2000\" \/>\n\t<meta property=\"og:image:height\" content=\"2000\" \/>\n\t<meta property=\"og:image:type\" content=\"image\/jpeg\" \/>\n<meta name=\"twitter:card\" content=\"summary_large_image\" \/>\n<meta name=\"twitter:label1\" content=\"Gesch\u00e4tzte Lesezeit\" \/>\n\t<meta name=\"twitter:data1\" content=\"1\u00a0Minute\" \/>\n<script type=\"application\/ld+json\" class=\"yoast-schema-graph\">{\"@context\":\"https:\/\/schema.org\",\"@graph\":[{\"@type\":\"WebPage\",\"@id\":\"https:\/\/urbanopticon.com\/de\/produkt\/gangster-hamster-t-shirt\/\",\"url\":\"https:\/\/urbanopticon.com\/de\/produkt\/gangster-hamster-t-shirt\/\",\"name\":\"Gangster Hamster T-Shirt - Urbanopticon - Urban Shirts for urban people\",\"isPartOf\":{\"@id\":\"https:\/\/urbanopticon.com\/de\/#website\"},\"primaryImageOfPage\":{\"@id\":\"https:\/\/urbanopticon.com\/de\/produkt\/gangster-hamster-t-shirt\/#primaryimage\"},\"image\":{\"@id\":\"https:\/\/urbanopticon.com\/de\/produkt\/gangster-hamster-t-shirt\/#primaryimage\"},\"thumbnailUrl\":\"https:\/\/urbanopticon.com\/wp-content\/uploads\/2023\/10\/unisex-staple-t-shirt-black-front-652cefb9a966c.jpg\",\"datePublished\":\"2023-10-16T08:10:05+00:00\",\"dateModified\":\"2023-11-06T09:04:22+00:00\",\"breadcrumb\":{\"@id\":\"https:\/\/urbanopticon.com\/de\/produkt\/gangster-hamster-t-shirt\/#breadcrumb\"},\"inLanguage\":\"de\",\"potentialAction\":[{\"@type\":\"ReadAction\",\"target\":[\"https:\/\/urbanopticon.com\/de\/produkt\/gangster-hamster-t-shirt\/\"]}]},{\"@type\":\"ImageObject\",\"inLanguage\":\"de\",\"@id\":\"https:\/\/urbanopticon.com\/de\/produkt\/gangster-hamster-t-shirt\/#primaryimage\",\"url\":\"https:\/\/urbanopticon.com\/wp-content\/uploads\/2023\/10\/unisex-staple-t-shirt-black-front-652cefb9a966c.jpg\",\"contentUrl\":\"https:\/\/urbanopticon.com\/wp-content\/uploads\/2023\/10\/unisex-staple-t-shirt-black-front-652cefb9a966c.jpg\",\"width\":2000,\"height\":2000},{\"@type\":\"BreadcrumbList\",\"@id\":\"https:\/\/urbanopticon.com\/de\/produkt\/gangster-hamster-t-shirt\/#breadcrumb\",\"itemListElement\":[{\"@type\":\"ListItem\",\"position\":1,\"name\":\"Startseite\",\"item\":\"https:\/\/urbanopticon.com\/de\/\"},{\"@type\":\"ListItem\",\"position\":2,\"name\":\"Shop\",\"item\":\"https:\/\/urbanopticon.com\/shop\/\"},{\"@type\":\"ListItem\",\"position\":3,\"name\":\"Gangster Hamster T-Shirt\"}]},{\"@type\":\"WebSite\",\"@id\":\"https:\/\/urbanopticon.com\/de\/#website\",\"url\":\"https:\/\/urbanopticon.com\/de\/\",\"name\":\"Urbanopticon - Urban Shirts for urban people\",\"description\":\"\",\"publisher\":{\"@id\":\"https:\/\/urbanopticon.com\/de\/#organization\"},\"potentialAction\":[{\"@type\":\"SearchAction\",\"target\":{\"@type\":\"EntryPoint\",\"urlTemplate\":\"https:\/\/urbanopticon.com\/de\/?s={search_term_string}\"},\"query-input\":{\"@type\":\"PropertyValueSpecification\",\"valueRequired\":true,\"valueName\":\"search_term_string\"}}],\"inLanguage\":\"de\"},{\"@type\":\"Organization\",\"@id\":\"https:\/\/urbanopticon.com\/de\/#organization\",\"name\":\"Urbanopticon - Urban Shirts for urban people\",\"url\":\"https:\/\/urbanopticon.com\/de\/\",\"logo\":{\"@type\":\"ImageObject\",\"inLanguage\":\"de\",\"@id\":\"https:\/\/urbanopticon.com\/de\/#\/schema\/logo\/image\/\",\"url\":\"https:\/\/urbanopticon.com\/wp-content\/uploads\/2022\/05\/logo-new.png\",\"contentUrl\":\"https:\/\/urbanopticon.com\/wp-content\/uploads\/2022\/05\/logo-new.png\",\"width\":587,\"height\":304,\"caption\":\"Urbanopticon - Urban Shirts for urban people\"},\"image\":{\"@id\":\"https:\/\/urbanopticon.com\/de\/#\/schema\/logo\/image\/\"}}]}<\/script>\n<!-- \/ Yoast SEO plugin. -->","yoast_head_json":{"title":"Gangster Hamster T-Shirt - Urbanopticon - Urban Shirts for urban people","robots":{"index":"index","follow":"follow","max-snippet":"max-snippet:-1","max-image-preview":"max-image-preview:large","max-video-preview":"max-video-preview:-1"},"canonical":"https:\/\/urbanopticon.com\/de\/produkt\/gangster-hamster-t-shirt\/","og_locale":"de_DE","og_type":"article","og_title":"Gangster Hamster T-Shirt - Urbanopticon - Urban Shirts for urban people","og_description":"Wer ist der Boss? Dieser Hamster, der ist es! Das Leben eines Ganoven, ein Geschoss nach dem anderen.","og_url":"https:\/\/urbanopticon.com\/de\/produkt\/gangster-hamster-t-shirt\/","og_site_name":"Urbanopticon - Urban Shirts for urban people","article_modified_time":"2023-11-06T09:04:22+00:00","og_image":[{"width":2000,"height":2000,"url":"https:\/\/urbanopticon.com\/wp-content\/uploads\/2023\/10\/unisex-staple-t-shirt-black-front-652cefb9a966c.jpg","type":"image\/jpeg"}],"twitter_card":"summary_large_image","twitter_misc":{"Gesch\u00e4tzte Lesezeit":"1\u00a0Minute"},"schema":{"@context":"https:\/\/schema.org","@graph":[{"@type":"WebPage","@id":"https:\/\/urbanopticon.com\/de\/produkt\/gangster-hamster-t-shirt\/","url":"https:\/\/urbanopticon.com\/de\/produkt\/gangster-hamster-t-shirt\/","name":"Gangster Hamster T-Shirt - Urbanopticon - Urban Shirts for urban people","isPartOf":{"@id":"https:\/\/urbanopticon.com\/de\/#website"},"primaryImageOfPage":{"@id":"https:\/\/urbanopticon.com\/de\/produkt\/gangster-hamster-t-shirt\/#primaryimage"},"image":{"@id":"https:\/\/urbanopticon.com\/de\/produkt\/gangster-hamster-t-shirt\/#primaryimage"},"thumbnailUrl":"https:\/\/urbanopticon.com\/wp-content\/uploads\/2023\/10\/unisex-staple-t-shirt-black-front-652cefb9a966c.jpg","datePublished":"2023-10-16T08:10:05+00:00","dateModified":"2023-11-06T09:04:22+00:00","breadcrumb":{"@id":"https:\/\/urbanopticon.com\/de\/produkt\/gangster-hamster-t-shirt\/#breadcrumb"},"inLanguage":"de","potentialAction":[{"@type":"ReadAction","target":["https:\/\/urbanopticon.com\/de\/produkt\/gangster-hamster-t-shirt\/"]}]},{"@type":"ImageObject","inLanguage":"de","@id":"https:\/\/urbanopticon.com\/de\/produkt\/gangster-hamster-t-shirt\/#primaryimage","url":"https:\/\/urbanopticon.com\/wp-content\/uploads\/2023\/10\/unisex-staple-t-shirt-black-front-652cefb9a966c.jpg","contentUrl":"https:\/\/urbanopticon.com\/wp-content\/uploads\/2023\/10\/unisex-staple-t-shirt-black-front-652cefb9a966c.jpg","width":2000,"height":2000},{"@type":"BreadcrumbList","@id":"https:\/\/urbanopticon.com\/de\/produkt\/gangster-hamster-t-shirt\/#breadcrumb","itemListElement":[{"@type":"ListItem","position":1,"name":"Startseite","item":"https:\/\/urbanopticon.com\/de\/"},{"@type":"ListItem","position":2,"name":"Shop","item":"https:\/\/urbanopticon.com\/shop\/"},{"@type":"ListItem","position":3,"name":"Gangster Hamster T-Shirt"}]},{"@type":"WebSite","@id":"https:\/\/urbanopticon.com\/de\/#website","url":"https:\/\/urbanopticon.com\/de\/","name":"Urbanopticon - Urban Shirts for urban people","description":"","publisher":{"@id":"https:\/\/urbanopticon.com\/de\/#organization"},"potentialAction":[{"@type":"SearchAction","target":{"@type":"EntryPoint","urlTemplate":"https:\/\/urbanopticon.com\/de\/?s={search_term_string}"},"query-input":{"@type":"PropertyValueSpecification","valueRequired":true,"valueName":"search_term_string"}}],"inLanguage":"de"},{"@type":"Organization","@id":"https:\/\/urbanopticon.com\/de\/#organization","name":"Urbanopticon - Urban Shirts for urban people","url":"https:\/\/urbanopticon.com\/de\/","logo":{"@type":"ImageObject","inLanguage":"de","@id":"https:\/\/urbanopticon.com\/de\/#\/schema\/logo\/image\/","url":"https:\/\/urbanopticon.com\/wp-content\/uploads\/2022\/05\/logo-new.png","contentUrl":"https:\/\/urbanopticon.com\/wp-content\/uploads\/2022\/05\/logo-new.png","width":587,"height":304,"caption":"Urbanopticon - Urban Shirts for urban people"},"image":{"@id":"https:\/\/urbanopticon.com\/de\/#\/schema\/logo\/image\/"}}]}},"_links":{"self":[{"href":"https:\/\/urbanopticon.com\/de\/wp-json\/wp\/v2\/product\/8653","targetHints":{"allow":["GET"]}}],"collection":[{"href":"https:\/\/urbanopticon.com\/de\/wp-json\/wp\/v2\/product"}],"about":[{"href":"https:\/\/urbanopticon.com\/de\/wp-json\/wp\/v2\/types\/product"}],"wp:featuredmedia":[{"embeddable":true,"href":"https:\/\/urbanopticon.com\/de\/wp-json\/wp\/v2\/media\/2548"}],"wp:attachment":[{"href":"https:\/\/urbanopticon.com\/de\/wp-json\/wp\/v2\/media?parent=8653"}],"wp:term":[{"taxonomy":"product_brand","embeddable":true,"href":"https:\/\/urbanopticon.com\/de\/wp-json\/wp\/v2\/product_brand?post=8653"},{"taxonomy":"product_cat","embeddable":true,"href":"https:\/\/urbanopticon.com\/de\/wp-json\/wp\/v2\/product_cat?post=8653"},{"taxonomy":"product_tag","embeddable":true,"href":"https:\/\/urbanopticon.com\/de\/wp-json\/wp\/v2\/product_tag?post=8653"}],"curies":[{"name":"wp","href":"https:\/\/api.w.org\/{rel}","templated":true}]}}